{"id":585,"date":"2021-11-29T13:10:45","date_gmt":"2021-11-29T12:10:45","guid":{"rendered":"http:\/\/www.professionsport38.fr\/?page_id=585"},"modified":"2026-03-26T12:28:35","modified_gmt":"2026-03-26T11:28:35","slug":"formation-en-alternance","status":"publish","type":"page","link":"https:\/\/www.professionsport38.fr\/index.php\/formation-en-alternance\/","title":{"rendered":"Mise \u00e0 disposition d&rsquo;apprentis"},"content":{"rendered":"\t\t<div data-elementor-type=\"wp-page\" data-elementor-id=\"585\" class=\"elementor elementor-585\">\n\t\t\t\t\t\t<section class=\"elementor-section elementor-top-section elementor-element elementor-element-e4688c3 elementor-section-boxed elementor-section-height-default elementor-section-height-default\" data-id=\"e4688c3\" data-element_type=\"section\">\n\t\t\t\t\t\t<div class=\"elementor-container elementor-column-gap-default\">\n\t\t\t\t\t<div class=\"elementor-column elementor-col-100 elementor-top-column elementor-element elementor-element-8eb95e0\" data-id=\"8eb95e0\" data-element_type=\"column\">\n\t\t\t<div class=\"elementor-widget-wrap elementor-element-populated\">\n\t\t\t\t\t\t<div class=\"elementor-element elementor-element-365dbeb elementor-widget elementor-widget-text-editor\" data-id=\"365dbeb\" data-element_type=\"widget\" data-widget_type=\"text-editor.default\">\n\t\t\t\t<div class=\"elementor-widget-container\">\n\t\t\t<style>\/*! elementor - v3.21.0 - 26-05-2024 *\/\n.elementor-widget-text-editor.elementor-drop-cap-view-stacked .elementor-drop-cap{background-color:#69727d;color:#fff}.elementor-widget-text-editor.elementor-drop-cap-view-framed .elementor-drop-cap{color:#69727d;border:3px solid;background-color:transparent}.elementor-widget-text-editor:not(.elementor-drop-cap-view-default) .elementor-drop-cap{margin-top:8px}.elementor-widget-text-editor:not(.elementor-drop-cap-view-default) .elementor-drop-cap-letter{width:1em;height:1em}.elementor-widget-text-editor .elementor-drop-cap{float:left;text-align:center;line-height:1;font-size:50px}.elementor-widget-text-editor .elementor-drop-cap-letter{display:inline-block}<\/style>\t\t\t\t<p style=\"text-align: justify;\">Profession Sport Culture 38 vous propose d\u00e9sormais le portage des contrats en alternance. (apprentissage)<\/p><p style=\"text-align: justify;\">Profession Sport Culture 38 s\u2019occupe de toutes les d\u00e9marches administratives et permet aux structures utilisatrices (associations, collectivit\u00e9s, \u2026) de b\u00e9n\u00e9ficier de la prise en charge du co\u00fbt de la formation \u00e0 100%. Nous pouvons aussi assurer le tutorat p\u00e9dagogique pour les BPJEPS.\u00a0<\/p>\t\t\t\t\t\t<\/div>\n\t\t\t\t<\/div>\n\t\t\t\t\t<\/div>\n\t\t<\/div>\n\t\t\t\t\t<\/div>\n\t\t<\/section>\n\t\t\t\t<section class=\"elementor-section elementor-top-section elementor-element elementor-element-2e530d5 elementor-section-boxed elementor-section-height-default elementor-section-height-default\" data-id=\"2e530d5\" data-element_type=\"section\">\n\t\t\t\t\t\t<div class=\"elementor-container elementor-column-gap-default\">\n\t\t\t\t\t<div class=\"elementor-column elementor-col-100 elementor-top-column elementor-element elementor-element-71a2440\" data-id=\"71a2440\" data-element_type=\"column\">\n\t\t\t<div class=\"elementor-widget-wrap elementor-element-populated\">\n\t\t\t\t\t\t<div class=\"elementor-element elementor-element-7cf879c elementor-icon-list--layout-traditional elementor-list-item-link-full_width elementor-widget elementor-widget-icon-list\" data-id=\"7cf879c\" data-element_type=\"widget\" data-widget_type=\"icon-list.default\">\n\t\t\t\t<div class=\"elementor-widget-container\">\n\t\t\t<link rel=\"stylesheet\" href=\"https:\/\/www.professionsport38.fr\/wp-content\/plugins\/elementor\/assets\/css\/widget-icon-list.min.css\">\t\t<ul class=\"elementor-icon-list-items\">\n\t\t\t\t\t\t\t<li class=\"elementor-icon-list-item\">\n\t\t\t\t\t\t\t\t\t\t\t<span class=\"elementor-icon-list-icon\">\n\t\t\t\t\t\t\t<i aria-hidden=\"true\" class=\"far fa-address-card\"><\/i>\t\t\t\t\t\t<\/span>\n\t\t\t\t\t\t\t\t\t\t<span class=\"elementor-icon-list-text\"><b>Nelly TRAPPE, Coordinatrice P\u00f4le Mise \u00e0 Disposition<\/b><\/span>\n\t\t\t\t\t\t\t\t\t<\/li>\n\t\t\t\t\t\t\t\t<li class=\"elementor-icon-list-item\">\n\t\t\t\t\t\t\t\t\t\t\t<span class=\"elementor-icon-list-icon\">\n\t\t\t\t\t\t\t<i aria-hidden=\"true\" class=\"fas fa-phone-alt\"><\/i>\t\t\t\t\t\t<\/span>\n\t\t\t\t\t\t\t\t\t\t<span class=\"elementor-icon-list-text\">06.76.18.92.33<\/span>\n\t\t\t\t\t\t\t\t\t<\/li>\n\t\t\t\t\t\t\t\t<li class=\"elementor-icon-list-item\">\n\t\t\t\t\t\t\t\t\t\t\t<span class=\"elementor-icon-list-icon\">\n\t\t\t\t\t\t\t<i aria-hidden=\"true\" class=\"far fa-envelope\"><\/i>\t\t\t\t\t\t<\/span>\n\t\t\t\t\t\t\t\t\t\t<span class=\"elementor-icon-list-text\">info@professionsport38.com<\/span>\n\t\t\t\t\t\t\t\t\t<\/li>\n\t\t\t\t\t\t<\/ul>\n\t\t\t\t<\/div>\n\t\t\t\t<\/div>\n\t\t\t\t<div class=\"elementor-element elementor-element-a35bc35 elementor-icon-list--layout-traditional elementor-list-item-link-full_width elementor-widget elementor-widget-icon-list\" data-id=\"a35bc35\" data-element_type=\"widget\" data-widget_type=\"icon-list.default\">\n\t\t\t\t<div class=\"elementor-widget-container\">\n\t\t\t\t\t<ul class=\"elementor-icon-list-items\">\n\t\t\t\t\t\t\t<li class=\"elementor-icon-list-item\">\n\t\t\t\t\t\t\t\t\t\t\t<span class=\"elementor-icon-list-icon\">\n\t\t\t\t\t\t\t<i aria-hidden=\"true\" class=\"fas fa-exclamation-triangle\"><\/i>\t\t\t\t\t\t<\/span>\n\t\t\t\t\t\t\t\t\t\t<span class=\"elementor-icon-list-text\">A partir du 21\/04\/2026<\/span>\n\t\t\t\t\t\t\t\t\t<\/li>\n\t\t\t\t\t\t\t\t<li class=\"elementor-icon-list-item\">\n\t\t\t\t\t\t\t\t\t\t\t<span class=\"elementor-icon-list-icon\">\n\t\t\t\t\t\t\t<i aria-hidden=\"true\" class=\"far fa-envelope\"><\/i>\t\t\t\t\t\t<\/span>\n\t\t\t\t\t\t\t\t\t\t<span class=\"elementor-icon-list-text\">emploi38@profession-sport-loisirs.fr<\/span>\n\t\t\t\t\t\t\t\t\t<\/li>\n\t\t\t\t\t\t<\/ul>\n\t\t\t\t<\/div>\n\t\t\t\t<\/div>\n\t\t\t\t\t<\/div>\n\t\t<\/div>\n\t\t\t\t\t<\/div>\n\t\t<\/section>\n\t\t\t\t<section class=\"elementor-section elementor-top-section elementor-element elementor-element-acc2bb9 elementor-section-boxed elementor-section-height-default elementor-section-height-default\" data-id=\"acc2bb9\" data-element_type=\"section\">\n\t\t\t\t\t\t<div class=\"elementor-container elementor-column-gap-default\">\n\t\t\t\t\t<div class=\"elementor-column elementor-col-50 elementor-top-column elementor-element elementor-element-8e003b8\" data-id=\"8e003b8\" data-element_type=\"column\">\n\t\t\t<div class=\"elementor-widget-wrap elementor-element-populated\">\n\t\t\t\t\t\t<div class=\"elementor-element elementor-element-876ba54 elementor-widget elementor-widget-image\" data-id=\"876ba54\" data-element_type=\"widget\" data-widget_type=\"image.default\">\n\t\t\t\t<div class=\"elementor-widget-container\">\n\t\t\t<style>\/*! elementor - v3.21.0 - 26-05-2024 *\/\n.elementor-widget-image{text-align:center}.elementor-widget-image a{display:inline-block}.elementor-widget-image a img[src$=\".svg\"]{width:48px}.elementor-widget-image img{vertical-align:middle;display:inline-block}<\/style>\t\t\t\t\t\t\t\t\t\t<img fetchpriority=\"high\" decoding=\"async\" width=\"728\" height=\"1024\" src=\"https:\/\/www.professionsport38.fr\/wp-content\/uploads\/2025\/02\/Plaquette_portage-contrat-apprentissage_Profession-Sport-Culture-38_Page_1-728x1024.jpg\" class=\"attachment-large size-large wp-image-7209\" alt=\"\" srcset=\"https:\/\/www.professionsport38.fr\/wp-content\/uploads\/2025\/02\/Plaquette_portage-contrat-apprentissage_Profession-Sport-Culture-38_Page_1-728x1024.jpg 728w, https:\/\/www.professionsport38.fr\/wp-content\/uploads\/2025\/02\/Plaquette_portage-contrat-apprentissage_Profession-Sport-Culture-38_Page_1-213x300.jpg 213w, https:\/\/www.professionsport38.fr\/wp-content\/uploads\/2025\/02\/Plaquette_portage-contrat-apprentissage_Profession-Sport-Culture-38_Page_1-768x1080.jpg 768w, https:\/\/www.professionsport38.fr\/wp-content\/uploads\/2025\/02\/Plaquette_portage-contrat-apprentissage_Profession-Sport-Culture-38_Page_1-1092x1536.jpg 1092w, https:\/\/www.professionsport38.fr\/wp-content\/uploads\/2025\/02\/Plaquette_portage-contrat-apprentissage_Profession-Sport-Culture-38_Page_1-1456x2048.jpg 1456w, https:\/\/www.professionsport38.fr\/wp-content\/uploads\/2025\/02\/Plaquette_portage-contrat-apprentissage_Profession-Sport-Culture-38_Page_1-1024x1440.jpg 1024w, https:\/\/www.professionsport38.fr\/wp-content\/uploads\/2025\/02\/Plaquette_portage-contrat-apprentissage_Profession-Sport-Culture-38_Page_1.jpg 1686w\" sizes=\"(max-width: 728px) 100vw, 728px\" \/>\t\t\t\t\t\t\t\t\t\t\t\t\t<\/div>\n\t\t\t\t<\/div>\n\t\t\t\t\t<\/div>\n\t\t<\/div>\n\t\t\t\t<div class=\"elementor-column elementor-col-50 elementor-top-column elementor-element elementor-element-e60e2e9\" data-id=\"e60e2e9\" data-element_type=\"column\">\n\t\t\t<div class=\"elementor-widget-wrap elementor-element-populated\">\n\t\t\t\t\t\t<div class=\"elementor-element elementor-element-03a735b elementor-widget elementor-widget-image\" data-id=\"03a735b\" data-element_type=\"widget\" data-widget_type=\"image.default\">\n\t\t\t\t<div class=\"elementor-widget-container\">\n\t\t\t\t\t\t\t\t\t\t\t\t\t<img decoding=\"async\" width=\"728\" height=\"1024\" src=\"https:\/\/www.professionsport38.fr\/wp-content\/uploads\/2025\/02\/Plaquette_portage-contrat-apprentissage_Profession-Sport-Culture-38_Page_2-728x1024.jpg\" class=\"attachment-large size-large wp-image-7210\" alt=\"\" srcset=\"https:\/\/www.professionsport38.fr\/wp-content\/uploads\/2025\/02\/Plaquette_portage-contrat-apprentissage_Profession-Sport-Culture-38_Page_2-728x1024.jpg 728w, https:\/\/www.professionsport38.fr\/wp-content\/uploads\/2025\/02\/Plaquette_portage-contrat-apprentissage_Profession-Sport-Culture-38_Page_2-213x300.jpg 213w, https:\/\/www.professionsport38.fr\/wp-content\/uploads\/2025\/02\/Plaquette_portage-contrat-apprentissage_Profession-Sport-Culture-38_Page_2-768x1080.jpg 768w, https:\/\/www.professionsport38.fr\/wp-content\/uploads\/2025\/02\/Plaquette_portage-contrat-apprentissage_Profession-Sport-Culture-38_Page_2-1092x1536.jpg 1092w, https:\/\/www.professionsport38.fr\/wp-content\/uploads\/2025\/02\/Plaquette_portage-contrat-apprentissage_Profession-Sport-Culture-38_Page_2-1456x2048.jpg 1456w, https:\/\/www.professionsport38.fr\/wp-content\/uploads\/2025\/02\/Plaquette_portage-contrat-apprentissage_Profession-Sport-Culture-38_Page_2-1024x1440.jpg 1024w, https:\/\/www.professionsport38.fr\/wp-content\/uploads\/2025\/02\/Plaquette_portage-contrat-apprentissage_Profession-Sport-Culture-38_Page_2.jpg 1686w\" sizes=\"(max-width: 728px) 100vw, 728px\" \/>\t\t\t\t\t\t\t\t\t\t\t\t\t<\/div>\n\t\t\t\t<\/div>\n\t\t\t\t\t<\/div>\n\t\t<\/div>\n\t\t\t\t\t<\/div>\n\t\t<\/section>\n\t\t\t\t<section class=\"elementor-section elementor-top-section elementor-element elementor-element-4cf712b elementor-section-boxed elementor-section-height-default elementor-section-height-default\" data-id=\"4cf712b\" data-element_type=\"section\">\n\t\t\t\t\t\t<div class=\"elementor-container elementor-column-gap-default\">\n\t\t\t\t\t<div class=\"elementor-column elementor-col-100 elementor-top-column elementor-element elementor-element-bfa5f3f\" data-id=\"bfa5f3f\" data-element_type=\"column\">\n\t\t\t<div class=\"elementor-widget-wrap elementor-element-populated\">\n\t\t\t\t\t\t<div class=\"elementor-element elementor-element-1dd578b elementor-widget elementor-widget-pdf_viewer\" data-id=\"1dd578b\" data-element_type=\"widget\" data-widget_type=\"pdf_viewer.default\">\n\t\t\t\t<div class=\"elementor-widget-container\">\n\t\t\t<iframe src=\"https:\/\/docs.google.com\/viewer?url=https:\/\/www.professionsport38.fr\/wp-content\/uploads\/2022\/01\/afdas_contrat-apprentissage_200525.pdf&amp;embedded=true\" style=\"display: block; margin-left: auto; margin-right: auto; width: 640px; height: 1020px;\" frameborder=\"1\" marginheight=\"0px\" marginwidth=\"0px\" allowfullscreen><\/iframe>\t\t<\/div>\n\t\t\t\t<\/div>\n\t\t\t\t\t<\/div>\n\t\t<\/div>\n\t\t\t\t\t<\/div>\n\t\t<\/section>\n\t\t\t\t<\/div>\n\t\t","protected":false},"excerpt":{"rendered":"<p>Profession Sport Culture 38 vous propose d\u00e9sormais le portage des contrats en alternance. (apprentissage) Profession Sport Culture 38 s\u2019occupe de toutes les d\u00e9marches administratives et permet aux structures utilisatrices (associations, collectivit\u00e9s, \u2026) de b\u00e9n\u00e9ficier de la prise en charge du co\u00fbt de la formation \u00e0 100%. Nous pouvons aussi assurer le tutorat p\u00e9dagogique pour les&hellip; <br \/> <a class=\"read-more\" href=\"https:\/\/www.professionsport38.fr\/index.php\/formation-en-alternance\/\">Lire la suite<\/a><\/p>\n","protected":false},"author":1,"featured_media":812,"parent":0,"menu_order":0,"comment_status":"closed","ping_status":"closed","template":"","meta":{"_eb_attr":"","footnotes":""},"_links":{"self":[{"href":"https:\/\/www.professionsport38.fr\/index.php\/wp-json\/wp\/v2\/pages\/585"}],"collection":[{"href":"https:\/\/www.professionsport38.fr\/index.php\/wp-json\/wp\/v2\/pages"}],"about":[{"href":"https:\/\/www.professionsport38.fr\/index.php\/wp-json\/wp\/v2\/types\/page"}],"author":[{"embeddable":true,"href":"https:\/\/www.professionsport38.fr\/index.php\/wp-json\/wp\/v2\/users\/1"}],"replies":[{"embeddable":true,"href":"https:\/\/www.professionsport38.fr\/index.php\/wp-json\/wp\/v2\/comments?post=585"}],"version-history":[{"count":43,"href":"https:\/\/www.professionsport38.fr\/index.php\/wp-json\/wp\/v2\/pages\/585\/revisions"}],"predecessor-version":[{"id":9496,"href":"https:\/\/www.professionsport38.fr\/index.php\/wp-json\/wp\/v2\/pages\/585\/revisions\/9496"}],"wp:featuredmedia":[{"embeddable":true,"href":"https:\/\/www.professionsport38.fr\/index.php\/wp-json\/wp\/v2\/media\/812"}],"wp:attachment":[{"href":"https:\/\/www.professionsport38.fr\/index.php\/wp-json\/wp\/v2\/media?parent=585"}],"curies":[{"name":"wp","href":"https:\/\/api.w.org\/{rel}","templated":true}]}}