{"id":43,"date":"2021-10-28T10:29:34","date_gmt":"2021-10-28T08:29:34","guid":{"rendered":"https:\/\/www.professionsport38.fr\/?page_id=43"},"modified":"2026-01-15T15:20:30","modified_gmt":"2026-01-15T14:20:30","slug":"partenaires","status":"publish","type":"page","link":"https:\/\/www.professionsport38.fr\/index.php\/partenaires\/","title":{"rendered":"Partenaires"},"content":{"rendered":"\t\t<div data-elementor-type=\"wp-page\" data-elementor-id=\"43\" class=\"elementor elementor-43\">\n\t\t\t\t\t\t<section class=\"elementor-section elementor-top-section elementor-element elementor-element-c920792 elementor-section-boxed elementor-section-height-default elementor-section-height-default\" data-id=\"c920792\" data-element_type=\"section\">\n\t\t\t\t\t\t<div class=\"elementor-container elementor-column-gap-default\">\n\t\t\t\t\t<div class=\"elementor-column elementor-col-33 elementor-top-column elementor-element elementor-element-60f7573\" data-id=\"60f7573\" data-element_type=\"column\">\n\t\t\t<div class=\"elementor-widget-wrap elementor-element-populated\">\n\t\t\t\t\t\t<div class=\"elementor-element elementor-element-c2ddf08 elementor-position-top elementor-widget elementor-widget-image-box\" data-id=\"c2ddf08\" data-element_type=\"widget\" data-widget_type=\"image-box.default\">\n\t\t\t\t<div class=\"elementor-widget-container\">\n\t\t\t<style>\/*! elementor - v3.21.0 - 26-05-2024 *\/\n.elementor-widget-image-box .elementor-image-box-content{width:100%}@media (min-width:768px){.elementor-widget-image-box.elementor-position-left .elementor-image-box-wrapper,.elementor-widget-image-box.elementor-position-right .elementor-image-box-wrapper{display:flex}.elementor-widget-image-box.elementor-position-right .elementor-image-box-wrapper{text-align:end;flex-direction:row-reverse}.elementor-widget-image-box.elementor-position-left .elementor-image-box-wrapper{text-align:start;flex-direction:row}.elementor-widget-image-box.elementor-position-top .elementor-image-box-img{margin:auto}.elementor-widget-image-box.elementor-vertical-align-top .elementor-image-box-wrapper{align-items:flex-start}.elementor-widget-image-box.elementor-vertical-align-middle .elementor-image-box-wrapper{align-items:center}.elementor-widget-image-box.elementor-vertical-align-bottom .elementor-image-box-wrapper{align-items:flex-end}}@media (max-width:767px){.elementor-widget-image-box .elementor-image-box-img{margin-left:auto!important;margin-right:auto!important;margin-bottom:15px}}.elementor-widget-image-box .elementor-image-box-img{display:inline-block}.elementor-widget-image-box .elementor-image-box-title a{color:inherit}.elementor-widget-image-box .elementor-image-box-wrapper{text-align:center}.elementor-widget-image-box .elementor-image-box-description{margin:0}<\/style><div class=\"elementor-image-box-wrapper\"><figure class=\"elementor-image-box-img\"><a href=\"https:\/\/www.isere.fr\/\" target=\"_blank\" tabindex=\"-1\"><img fetchpriority=\"high\" decoding=\"async\" width=\"300\" height=\"175\" src=\"https:\/\/www.professionsport38.fr\/wp-content\/uploads\/2026\/01\/Capture-decran-2026-01-14-160525-300x175.png\" class=\"attachment-medium size-medium wp-image-9211\" alt=\"\" srcset=\"https:\/\/www.professionsport38.fr\/wp-content\/uploads\/2026\/01\/Capture-decran-2026-01-14-160525-300x175.png 300w, https:\/\/www.professionsport38.fr\/wp-content\/uploads\/2026\/01\/Capture-decran-2026-01-14-160525.png 385w\" sizes=\"(max-width: 300px) 100vw, 300px\" \/><\/a><\/figure><div class=\"elementor-image-box-content\"><h3 class=\"elementor-image-box-title\"><a href=\"https:\/\/www.isere.fr\/\" target=\"_blank\">D\u00e9partement de l'Is\u00e8re<\/a><\/h3><\/div><\/div>\t\t<\/div>\n\t\t\t\t<\/div>\n\t\t\t\t\t<\/div>\n\t\t<\/div>\n\t\t\t\t<div class=\"elementor-column elementor-col-33 elementor-top-column elementor-element elementor-element-7b0f527\" data-id=\"7b0f527\" data-element_type=\"column\">\n\t\t\t<div class=\"elementor-widget-wrap elementor-element-populated\">\n\t\t\t\t\t\t<div class=\"elementor-element elementor-element-4624a2f elementor-position-top elementor-widget elementor-widget-image-box\" data-id=\"4624a2f\" data-element_type=\"widget\" data-widget_type=\"image-box.default\">\n\t\t\t\t<div class=\"elementor-widget-container\">\n\t\t\t<div class=\"elementor-image-box-wrapper\"><figure class=\"elementor-image-box-img\"><a href=\"https:\/\/www1.ac-grenoble.fr\/minihome\/dsden-38-isere-toutes-les-informations-121735\" target=\"_blank\" tabindex=\"-1\"><img decoding=\"async\" width=\"300\" height=\"235\" src=\"https:\/\/www.professionsport38.fr\/wp-content\/uploads\/2026\/01\/blockimg-7731-1000-0-300x235.png\" class=\"attachment-medium size-medium wp-image-9195\" alt=\"\" srcset=\"https:\/\/www.professionsport38.fr\/wp-content\/uploads\/2026\/01\/blockimg-7731-1000-0-300x235.png 300w, https:\/\/www.professionsport38.fr\/wp-content\/uploads\/2026\/01\/blockimg-7731-1000-0-768x601.png 768w, https:\/\/www.professionsport38.fr\/wp-content\/uploads\/2026\/01\/blockimg-7731-1000-0.png 1000w\" sizes=\"(max-width: 300px) 100vw, 300px\" \/><\/a><\/figure><div class=\"elementor-image-box-content\"><h3 class=\"elementor-image-box-title\"><a href=\"https:\/\/www1.ac-grenoble.fr\/minihome\/dsden-38-isere-toutes-les-informations-121735\" target=\"_blank\">Direction des Services D\u00e9partementaux de l\u2019\u00c9ducation Nationale (DSDEN)<\/a><\/h3><\/div><\/div>\t\t<\/div>\n\t\t\t\t<\/div>\n\t\t\t\t\t<\/div>\n\t\t<\/div>\n\t\t\t\t<div class=\"elementor-column elementor-col-33 elementor-top-column elementor-element elementor-element-79e78de\" data-id=\"79e78de\" data-element_type=\"column\">\n\t\t\t<div class=\"elementor-widget-wrap elementor-element-populated\">\n\t\t\t\t\t\t<div class=\"elementor-element elementor-element-6ba824b elementor-position-top elementor-widget elementor-widget-image-box\" data-id=\"6ba824b\" data-element_type=\"widget\" data-widget_type=\"image-box.default\">\n\t\t\t\t<div class=\"elementor-widget-container\">\n\t\t\t<div class=\"elementor-image-box-wrapper\"><figure class=\"elementor-image-box-img\"><a href=\"https:\/\/www.isere.gouv.fr\/\" target=\"_blank\" tabindex=\"-1\"><img decoding=\"async\" width=\"288\" height=\"300\" src=\"https:\/\/www.professionsport38.fr\/wp-content\/uploads\/2026\/01\/Prefecture-de-lIsere-38-288x300.png\" class=\"attachment-medium size-medium wp-image-9216\" alt=\"\" srcset=\"https:\/\/www.professionsport38.fr\/wp-content\/uploads\/2026\/01\/Prefecture-de-lIsere-38-288x300.png 288w, https:\/\/www.professionsport38.fr\/wp-content\/uploads\/2026\/01\/Prefecture-de-lIsere-38-768x800.png 768w, https:\/\/www.professionsport38.fr\/wp-content\/uploads\/2026\/01\/Prefecture-de-lIsere-38.png 800w\" sizes=\"(max-width: 288px) 100vw, 288px\" \/><\/a><\/figure><div class=\"elementor-image-box-content\"><h3 class=\"elementor-image-box-title\"><a href=\"https:\/\/www.isere.gouv.fr\/\" target=\"_blank\">Pr\u00e9fecture de l'Is\u00e8re<\/a><\/h3><\/div><\/div>\t\t<\/div>\n\t\t\t\t<\/div>\n\t\t\t\t\t<\/div>\n\t\t<\/div>\n\t\t\t\t\t<\/div>\n\t\t<\/section>\n\t\t\t\t<section class=\"elementor-section elementor-top-section elementor-element elementor-element-7252ddc elementor-section-boxed elementor-section-height-default elementor-section-height-default\" data-id=\"7252ddc\" data-element_type=\"section\">\n\t\t\t\t\t\t<div class=\"elementor-container elementor-column-gap-default\">\n\t\t\t\t\t<div class=\"elementor-column elementor-col-33 elementor-top-column elementor-element elementor-element-0499346\" data-id=\"0499346\" data-element_type=\"column\">\n\t\t\t<div class=\"elementor-widget-wrap elementor-element-populated\">\n\t\t\t\t\t\t<div class=\"elementor-element elementor-element-814f501 elementor-position-top elementor-widget elementor-widget-image-box\" data-id=\"814f501\" data-element_type=\"widget\" data-widget_type=\"image-box.default\">\n\t\t\t\t<div class=\"elementor-widget-container\">\n\t\t\t<div class=\"elementor-image-box-wrapper\"><figure class=\"elementor-image-box-img\"><a href=\"https:\/\/www.afdas.com\/\" target=\"_blank\" tabindex=\"-1\"><img loading=\"lazy\" decoding=\"async\" width=\"300\" height=\"80\" src=\"https:\/\/www.professionsport38.fr\/wp-content\/uploads\/2026\/01\/afdas_logo_2019_sans-baseline-noir-f9fe62a36ce94cf8ba2f0216311042e1-300x80.png\" class=\"attachment-medium size-medium wp-image-9190\" alt=\"\" srcset=\"https:\/\/www.professionsport38.fr\/wp-content\/uploads\/2026\/01\/afdas_logo_2019_sans-baseline-noir-f9fe62a36ce94cf8ba2f0216311042e1-300x80.png 300w, https:\/\/www.professionsport38.fr\/wp-content\/uploads\/2026\/01\/afdas_logo_2019_sans-baseline-noir-f9fe62a36ce94cf8ba2f0216311042e1-1024x273.png 1024w, https:\/\/www.professionsport38.fr\/wp-content\/uploads\/2026\/01\/afdas_logo_2019_sans-baseline-noir-f9fe62a36ce94cf8ba2f0216311042e1-768x205.png 768w, https:\/\/www.professionsport38.fr\/wp-content\/uploads\/2026\/01\/afdas_logo_2019_sans-baseline-noir-f9fe62a36ce94cf8ba2f0216311042e1-1536x410.png 1536w, https:\/\/www.professionsport38.fr\/wp-content\/uploads\/2026\/01\/afdas_logo_2019_sans-baseline-noir-f9fe62a36ce94cf8ba2f0216311042e1.png 1788w\" sizes=\"(max-width: 300px) 100vw, 300px\" \/><\/a><\/figure><div class=\"elementor-image-box-content\"><h3 class=\"elementor-image-box-title\"><a href=\"https:\/\/www.afdas.com\/\" target=\"_blank\">Afdas<\/a><\/h3><\/div><\/div>\t\t<\/div>\n\t\t\t\t<\/div>\n\t\t\t\t\t<\/div>\n\t\t<\/div>\n\t\t\t\t<div class=\"elementor-column elementor-col-33 elementor-top-column elementor-element elementor-element-6168db8\" data-id=\"6168db8\" data-element_type=\"column\">\n\t\t\t<div class=\"elementor-widget-wrap elementor-element-populated\">\n\t\t\t\t\t\t<div class=\"elementor-element elementor-element-ba6c8dd elementor-position-top elementor-widget elementor-widget-image-box\" data-id=\"ba6c8dd\" data-element_type=\"widget\" data-widget_type=\"image-box.default\">\n\t\t\t\t<div class=\"elementor-widget-container\">\n\t\t\t<div class=\"elementor-image-box-wrapper\"><figure class=\"elementor-image-box-img\"><a href=\"https:\/\/www.cdos-isere.fr\/\" target=\"_blank\" tabindex=\"-1\"><img loading=\"lazy\" decoding=\"async\" width=\"300\" height=\"300\" src=\"https:\/\/www.professionsport38.fr\/wp-content\/uploads\/2026\/01\/cropped-logo-cdos-isere.png\" class=\"attachment-medium size-medium wp-image-9220\" alt=\"\" srcset=\"https:\/\/www.professionsport38.fr\/wp-content\/uploads\/2026\/01\/cropped-logo-cdos-isere.png 300w, https:\/\/www.professionsport38.fr\/wp-content\/uploads\/2026\/01\/cropped-logo-cdos-isere-150x150.png 150w\" sizes=\"(max-width: 300px) 100vw, 300px\" \/><\/a><\/figure><div class=\"elementor-image-box-content\"><h3 class=\"elementor-image-box-title\"><a href=\"https:\/\/www.cdos-isere.fr\/\" target=\"_blank\">CDOS Is\u00e8re<\/a><\/h3><\/div><\/div>\t\t<\/div>\n\t\t\t\t<\/div>\n\t\t\t\t\t<\/div>\n\t\t<\/div>\n\t\t\t\t<div class=\"elementor-column elementor-col-33 elementor-top-column elementor-element elementor-element-ce41898\" data-id=\"ce41898\" data-element_type=\"column\">\n\t\t\t<div class=\"elementor-widget-wrap elementor-element-populated\">\n\t\t\t\t\t\t<div class=\"elementor-element elementor-element-9ec8ead elementor-position-top elementor-widget elementor-widget-image-box\" data-id=\"9ec8ead\" data-element_type=\"widget\" data-widget_type=\"image-box.default\">\n\t\t\t\t<div class=\"elementor-widget-container\">\n\t\t\t<div class=\"elementor-image-box-wrapper\"><figure class=\"elementor-image-box-img\"><a href=\"https:\/\/www.eybens.fr\/\" target=\"_blank\" tabindex=\"-1\"><img loading=\"lazy\" decoding=\"async\" width=\"225\" height=\"225\" src=\"https:\/\/www.professionsport38.fr\/wp-content\/uploads\/2026\/01\/images.jpg\" class=\"attachment-medium size-medium wp-image-9186\" alt=\"\" srcset=\"https:\/\/www.professionsport38.fr\/wp-content\/uploads\/2026\/01\/images.jpg 225w, https:\/\/www.professionsport38.fr\/wp-content\/uploads\/2026\/01\/images-150x150.jpg 150w, https:\/\/www.professionsport38.fr\/wp-content\/uploads\/2026\/01\/elementor\/thumbs\/images-rhn7p2ko69bcmcmlncg4h4m2kmp2ic5hmq108ae1lg.jpg 130w\" sizes=\"(max-width: 225px) 100vw, 225px\" \/><\/a><\/figure><div class=\"elementor-image-box-content\"><h3 class=\"elementor-image-box-title\"><a href=\"https:\/\/www.eybens.fr\/\" target=\"_blank\">Ville d'Eybens<\/a><\/h3><\/div><\/div>\t\t<\/div>\n\t\t\t\t<\/div>\n\t\t\t\t\t<\/div>\n\t\t<\/div>\n\t\t\t\t\t<\/div>\n\t\t<\/section>\n\t\t\t\t<section class=\"elementor-section elementor-top-section elementor-element elementor-element-c22b8a3 elementor-section-boxed elementor-section-height-default elementor-section-height-default\" data-id=\"c22b8a3\" data-element_type=\"section\">\n\t\t\t\t\t\t<div class=\"elementor-container elementor-column-gap-default\">\n\t\t\t\t\t<div class=\"elementor-column elementor-col-33 elementor-top-column elementor-element elementor-element-5a59e8d\" data-id=\"5a59e8d\" data-element_type=\"column\">\n\t\t\t<div class=\"elementor-widget-wrap elementor-element-populated\">\n\t\t\t\t\t\t<div class=\"elementor-element elementor-element-1f5c811 elementor-position-top elementor-widget elementor-widget-image-box\" data-id=\"1f5c811\" data-element_type=\"widget\" data-widget_type=\"image-box.default\">\n\t\t\t\t<div class=\"elementor-widget-container\">\n\t\t\t<div class=\"elementor-image-box-wrapper\"><figure class=\"elementor-image-box-img\"><a href=\"https:\/\/www.grenobletennis.fr\/\" target=\"_blank\" tabindex=\"-1\"><img loading=\"lazy\" decoding=\"async\" width=\"300\" height=\"300\" src=\"https:\/\/www.professionsport38.fr\/wp-content\/uploads\/2026\/01\/Grenoble-Tennis_Padel_LOGO-rvb-72dpi-300x300.png\" class=\"attachment-medium size-medium wp-image-9172\" alt=\"\" srcset=\"https:\/\/www.professionsport38.fr\/wp-content\/uploads\/2026\/01\/Grenoble-Tennis_Padel_LOGO-rvb-72dpi-300x300.png 300w, https:\/\/www.professionsport38.fr\/wp-content\/uploads\/2026\/01\/Grenoble-Tennis_Padel_LOGO-rvb-72dpi-150x150.png 150w, https:\/\/www.professionsport38.fr\/wp-content\/uploads\/2026\/01\/Grenoble-Tennis_Padel_LOGO-rvb-72dpi.png 500w\" sizes=\"(max-width: 300px) 100vw, 300px\" \/><\/a><\/figure><div class=\"elementor-image-box-content\"><h3 class=\"elementor-image-box-title\"><a href=\"https:\/\/www.grenobletennis.fr\/\" target=\"_blank\">Grenoble Tennis Padel<\/a><\/h3><\/div><\/div>\t\t<\/div>\n\t\t\t\t<\/div>\n\t\t\t\t\t<\/div>\n\t\t<\/div>\n\t\t\t\t<div class=\"elementor-column elementor-col-33 elementor-top-column elementor-element elementor-element-5c60fb2\" data-id=\"5c60fb2\" data-element_type=\"column\">\n\t\t\t<div class=\"elementor-widget-wrap elementor-element-populated\">\n\t\t\t\t\t\t<div class=\"elementor-element elementor-element-82abad8 elementor-position-top elementor-widget elementor-widget-image-box\" data-id=\"82abad8\" data-element_type=\"widget\" data-widget_type=\"image-box.default\">\n\t\t\t\t<div class=\"elementor-widget-container\">\n\t\t\t<div class=\"elementor-image-box-wrapper\"><figure class=\"elementor-image-box-img\"><a href=\"https:\/\/www.bigbangballers.fr\/\" target=\"_blank\" tabindex=\"-1\"><img loading=\"lazy\" decoding=\"async\" width=\"225\" height=\"225\" src=\"https:\/\/www.professionsport38.fr\/wp-content\/uploads\/2026\/01\/images.png\" class=\"attachment-medium size-medium wp-image-9176\" alt=\"\" srcset=\"https:\/\/www.professionsport38.fr\/wp-content\/uploads\/2026\/01\/images.png 225w, https:\/\/www.professionsport38.fr\/wp-content\/uploads\/2026\/01\/images-150x150.png 150w, https:\/\/www.professionsport38.fr\/wp-content\/uploads\/2026\/01\/elementor\/thumbs\/images-rhn78fth8sjp6qsbrnmrutpg66o9b54h0egpj11tp0.png 130w, https:\/\/www.professionsport38.fr\/wp-content\/uploads\/2026\/01\/elementor\/thumbs\/images-rhn78fth4eo20xyybrjnn7tm2g93fyswf806ww03ow.png 120w\" sizes=\"(max-width: 225px) 100vw, 225px\" \/><\/a><\/figure><div class=\"elementor-image-box-content\"><h3 class=\"elementor-image-box-title\"><a href=\"https:\/\/www.bigbangballers.fr\/\" target=\"_blank\">Big Bangs Ballers<\/a><\/h3><\/div><\/div>\t\t<\/div>\n\t\t\t\t<\/div>\n\t\t\t\t\t<\/div>\n\t\t<\/div>\n\t\t\t\t<div class=\"elementor-column elementor-col-33 elementor-top-column elementor-element elementor-element-0ec1a5c\" data-id=\"0ec1a5c\" data-element_type=\"column\">\n\t\t\t<div class=\"elementor-widget-wrap elementor-element-populated\">\n\t\t\t\t\t\t<div class=\"elementor-element elementor-element-ed2901d elementor-position-top elementor-widget elementor-widget-image-box\" data-id=\"ed2901d\" data-element_type=\"widget\" data-widget_type=\"image-box.default\">\n\t\t\t\t<div class=\"elementor-widget-container\">\n\t\t\t<div class=\"elementor-image-box-wrapper\"><figure class=\"elementor-image-box-img\"><a href=\"https:\/\/www.ufolep.org\/\" target=\"_blank\" tabindex=\"-1\"><img loading=\"lazy\" decoding=\"async\" width=\"300\" height=\"300\" src=\"https:\/\/www.professionsport38.fr\/wp-content\/uploads\/2026\/01\/logbutton_ufolep-300x300.png\" class=\"attachment-medium size-medium wp-image-9180\" alt=\"\" srcset=\"https:\/\/www.professionsport38.fr\/wp-content\/uploads\/2026\/01\/logbutton_ufolep-300x300.png 300w, https:\/\/www.professionsport38.fr\/wp-content\/uploads\/2026\/01\/logbutton_ufolep-150x150.png 150w, https:\/\/www.professionsport38.fr\/wp-content\/uploads\/2026\/01\/elementor\/thumbs\/logbutton_ufolep-rhn7et63kd9nvlj6kerqr7tx479thaez7xn6mjlris.png 130w, https:\/\/www.professionsport38.fr\/wp-content\/uploads\/2026\/01\/logbutton_ufolep.png 594w\" sizes=\"(max-width: 300px) 100vw, 300px\" \/><\/a><\/figure><div class=\"elementor-image-box-content\"><h3 class=\"elementor-image-box-title\"><a href=\"https:\/\/www.ufolep.org\/\" target=\"_blank\">Ufolep<\/a><\/h3><\/div><\/div>\t\t<\/div>\n\t\t\t\t<\/div>\n\t\t\t\t\t<\/div>\n\t\t<\/div>\n\t\t\t\t\t<\/div>\n\t\t<\/section>\n\t\t\t\t<\/div>\n\t\t","protected":false},"excerpt":{"rendered":"<p>D\u00e9partement de l&rsquo;Is\u00e8re Direction des Services D\u00e9partementaux de l\u2019\u00c9ducation Nationale (DSDEN) Pr\u00e9fecture de l&rsquo;Is\u00e8re Afdas CDOS Is\u00e8re Ville d&rsquo;Eybens Grenoble Tennis Padel Big Bangs Ballers Ufolep<\/p>\n","protected":false},"author":1,"featured_media":812,"parent":0,"menu_order":0,"comment_status":"closed","ping_status":"closed","template":"","meta":{"_eb_attr":"","footnotes":""},"_links":{"self":[{"href":"https:\/\/www.professionsport38.fr\/index.php\/wp-json\/wp\/v2\/pages\/43"}],"collection":[{"href":"https:\/\/www.professionsport38.fr\/index.php\/wp-json\/wp\/v2\/pages"}],"about":[{"href":"https:\/\/www.professionsport38.fr\/index.php\/wp-json\/wp\/v2\/types\/page"}],"author":[{"embeddable":true,"href":"https:\/\/www.professionsport38.fr\/index.php\/wp-json\/wp\/v2\/users\/1"}],"replies":[{"embeddable":true,"href":"https:\/\/www.professionsport38.fr\/index.php\/wp-json\/wp\/v2\/comments?post=43"}],"version-history":[{"count":85,"href":"https:\/\/www.professionsport38.fr\/index.php\/wp-json\/wp\/v2\/pages\/43\/revisions"}],"predecessor-version":[{"id":9231,"href":"https:\/\/www.professionsport38.fr\/index.php\/wp-json\/wp\/v2\/pages\/43\/revisions\/9231"}],"wp:featuredmedia":[{"embeddable":true,"href":"https:\/\/www.professionsport38.fr\/index.php\/wp-json\/wp\/v2\/media\/812"}],"wp:attachment":[{"href":"https:\/\/www.professionsport38.fr\/index.php\/wp-json\/wp\/v2\/media?parent=43"}],"curies":[{"name":"wp","href":"https:\/\/api.w.org\/{rel}","templated":true}]}}