{"id":39,"date":"2021-10-28T10:29:03","date_gmt":"2021-10-28T08:29:03","guid":{"rendered":"https:\/\/www.professionsport38.fr\/?page_id=39"},"modified":"2024-06-06T15:33:30","modified_gmt":"2024-06-06T13:33:30","slug":"rgpd","status":"publish","type":"page","link":"https:\/\/www.professionsport38.fr\/index.php\/rgpd\/","title":{"rendered":"RGPD : R\u00e8glement G\u00e9n\u00e9ral sur la Protection des Donn\u00e9es"},"content":{"rendered":"\t\t<div data-elementor-type=\"wp-page\" data-elementor-id=\"39\" class=\"elementor elementor-39\">\n\t\t\t\t\t\t<section class=\"elementor-section elementor-top-section elementor-element elementor-element-2403465 elementor-section-boxed elementor-section-height-default elementor-section-height-default\" data-id=\"2403465\" data-element_type=\"section\">\n\t\t\t\t\t\t<div class=\"elementor-container elementor-column-gap-default\">\n\t\t\t\t\t<div class=\"elementor-column elementor-col-100 elementor-top-column elementor-element elementor-element-6906e82\" data-id=\"6906e82\" data-element_type=\"column\">\n\t\t\t<div class=\"elementor-widget-wrap elementor-element-populated\">\n\t\t\t\t\t\t<div class=\"elementor-element elementor-element-ea53354 elementor-widget elementor-widget-text-editor\" data-id=\"ea53354\" data-element_type=\"widget\" data-widget_type=\"text-editor.default\">\n\t\t\t\t<div class=\"elementor-widget-container\">\n\t\t\t<style>\/*! elementor - v3.21.0 - 26-05-2024 *\/\n.elementor-widget-text-editor.elementor-drop-cap-view-stacked .elementor-drop-cap{background-color:#69727d;color:#fff}.elementor-widget-text-editor.elementor-drop-cap-view-framed .elementor-drop-cap{color:#69727d;border:3px solid;background-color:transparent}.elementor-widget-text-editor:not(.elementor-drop-cap-view-default) .elementor-drop-cap{margin-top:8px}.elementor-widget-text-editor:not(.elementor-drop-cap-view-default) .elementor-drop-cap-letter{width:1em;height:1em}.elementor-widget-text-editor .elementor-drop-cap{float:left;text-align:center;line-height:1;font-size:50px}.elementor-widget-text-editor .elementor-drop-cap-letter{display:inline-block}<\/style>\t\t\t\t<p>Vos donn\u00e9es personnelles font l\u2019objet d\u2019un traitement par notre structure de fa\u00e7on confidentielle. Ce traitement est inscrit au registre des activit\u00e9s de traitements du groupement d\u2019employeurs Profession Sport Culture 38 conform\u00e9ment au r\u00e8glement g\u00e9n\u00e9ral sur la protection des donn\u00e9es et \u00e0 la loi Informatique et Libert\u00e9 III.<\/p>\t\t\t\t\t\t<\/div>\n\t\t\t\t<\/div>\n\t\t\t\t\t<\/div>\n\t\t<\/div>\n\t\t\t\t\t<\/div>\n\t\t<\/section>\n\t\t\t\t<section class=\"elementor-section elementor-top-section elementor-element elementor-element-3613d13 elementor-section-boxed elementor-section-height-default elementor-section-height-default\" data-id=\"3613d13\" data-element_type=\"section\">\n\t\t\t\t\t\t<div class=\"elementor-container elementor-column-gap-default\">\n\t\t\t\t\t<div class=\"elementor-column elementor-col-100 elementor-top-column elementor-element elementor-element-4e1fe7d\" data-id=\"4e1fe7d\" data-element_type=\"column\">\n\t\t\t<div class=\"elementor-widget-wrap elementor-element-populated\">\n\t\t\t\t\t\t<div class=\"elementor-element elementor-element-f37dc87 elementor-widget elementor-widget-text-editor\" data-id=\"f37dc87\" data-element_type=\"widget\" data-widget_type=\"text-editor.default\">\n\t\t\t\t<div class=\"elementor-widget-container\">\n\t\t\t\t\t\t\t<p>Ce traitement a plusieurs finalit\u00e9s :<\/p>\t\t\t\t\t\t<\/div>\n\t\t\t\t<\/div>\n\t\t\t\t\t<\/div>\n\t\t<\/div>\n\t\t\t\t\t<\/div>\n\t\t<\/section>\n\t\t\t\t<section class=\"elementor-section elementor-top-section elementor-element elementor-element-1e2347f elementor-section-boxed elementor-section-height-default elementor-section-height-default\" data-id=\"1e2347f\" data-element_type=\"section\">\n\t\t\t\t\t\t<div class=\"elementor-container elementor-column-gap-default\">\n\t\t\t\t\t<div class=\"elementor-column elementor-col-100 elementor-top-column elementor-element elementor-element-0b3ed14\" data-id=\"0b3ed14\" data-element_type=\"column\">\n\t\t\t<div class=\"elementor-widget-wrap elementor-element-populated\">\n\t\t\t\t\t\t<section class=\"elementor-section elementor-inner-section elementor-element elementor-element-e787688 elementor-section-boxed elementor-section-height-default elementor-section-height-default\" data-id=\"e787688\" data-element_type=\"section\">\n\t\t\t\t\t\t<div class=\"elementor-container elementor-column-gap-default\">\n\t\t\t\t\t<div class=\"elementor-column elementor-col-50 elementor-inner-column elementor-element elementor-element-3e52f43\" data-id=\"3e52f43\" data-element_type=\"column\">\n\t\t\t<div class=\"elementor-widget-wrap elementor-element-populated\">\n\t\t\t\t\t\t<div class=\"elementor-element elementor-element-b66e5ca elementor-widget elementor-widget-text-editor\" data-id=\"b66e5ca\" data-element_type=\"widget\" data-widget_type=\"text-editor.default\">\n\t\t\t\t<div class=\"elementor-widget-container\">\n\t\t\t\t\t\t\t<ul>\n<li>La gestion administrative du personnel,<\/li>\n<li>La mise \u00e0 disposition d\u2019intervenant pour la structure utilisatrice,<\/li>\n<li>La mise \u00e0 disposition des personnels d\u2019outils informatiques,<\/li>\n<li>La gestion administrative et la facturation,<\/li>\n<\/ul>\t\t\t\t\t\t<\/div>\n\t\t\t\t<\/div>\n\t\t\t\t\t<\/div>\n\t\t<\/div>\n\t\t\t\t<div class=\"elementor-column elementor-col-50 elementor-inner-column elementor-element elementor-element-9703b05\" data-id=\"9703b05\" data-element_type=\"column\">\n\t\t\t<div class=\"elementor-widget-wrap elementor-element-populated\">\n\t\t\t\t\t\t<div class=\"elementor-element elementor-element-f7bb12b elementor-widget elementor-widget-text-editor\" data-id=\"f7bb12b\" data-element_type=\"widget\" data-widget_type=\"text-editor.default\">\n\t\t\t\t<div class=\"elementor-widget-container\">\n\t\t\t\t\t\t\t<ul>\n<li>L\u2019organisation du travail,<\/li>\n<li>La gestion des carri\u00e8res,<\/li>\n<li>La formation et le recrutement.<\/li>\n<\/ul>\t\t\t\t\t\t<\/div>\n\t\t\t\t<\/div>\n\t\t\t\t\t<\/div>\n\t\t<\/div>\n\t\t\t\t\t<\/div>\n\t\t<\/section>\n\t\t\t\t\t<\/div>\n\t\t<\/div>\n\t\t\t\t\t<\/div>\n\t\t<\/section>\n\t\t\t\t<section class=\"elementor-section elementor-top-section elementor-element elementor-element-2b4871ac elementor-section-boxed elementor-section-height-default elementor-section-height-default\" data-id=\"2b4871ac\" data-element_type=\"section\">\n\t\t\t\t\t\t<div class=\"elementor-container elementor-column-gap-default\">\n\t\t\t\t\t<div class=\"elementor-column elementor-col-100 elementor-top-column elementor-element elementor-element-55c264d0\" data-id=\"55c264d0\" data-element_type=\"column\">\n\t\t\t<div class=\"elementor-widget-wrap elementor-element-populated\">\n\t\t\t\t\t\t<div class=\"elementor-element elementor-element-538c9354 elementor-widget elementor-widget-text-editor\" data-id=\"538c9354\" data-element_type=\"widget\" data-widget_type=\"text-editor.default\">\n\t\t\t\t<div class=\"elementor-widget-container\">\n\t\t\t\t\t\t\t<p><!-- wp:paragraph --><\/p>\n<p>Vos donn\u00e9es ne sont pas conserv\u00e9es par les services internes au-del\u00e0 de la p\u00e9riode, sans pr\u00e9judice de dispositions l\u00e9gislatives ou r\u00e8glementaires propres \u00e0 certaines cat\u00e9gories de donn\u00e9es imposant une dur\u00e9e de conservation particuli\u00e8re ou la suppression de ces donn\u00e9es.<\/p>\n<p>Les donn\u00e9es relatives aux suj\u00e9tions particuli\u00e8res ouvrant droit \u00e0 cong\u00e9s sp\u00e9ciaux ou \u00e0 un cr\u00e9dit d\u2019heures de d\u00e9l\u00e9gation ne sont pas conserv\u00e9es au-del\u00e0 de la p\u00e9riode de suj\u00e9tion de l\u2019employ\u00e9 concern\u00e9.<br \/>Seules les personnes habilit\u00e9es charg\u00e9es de la gestion du personnel, des structures utilisatrices et les sup\u00e9rieurs hi\u00e9rarchiques des employ\u00e9s concern\u00e9s pourront acc\u00e9der \u00e0 vos donn\u00e9es \u00e0 des fins strictement internes.<\/p>\n<p><!-- \/wp:paragraph --><\/p>\n<p><!-- wp:paragraph --><\/p>\n<p>Vous pouvez acc\u00e9der aux informations vous concernant, les rectifier ou les supprimer en vous adressant \u00e0 <strong>rgpd@professionsport38.com<\/strong> ou en envoyant un courrier \u00e0 l\u2019adresse suivante : Profession Sport Culture 38 \u2013 7 rue de l\u2019industrie \u2013 38320 Eybens. Vos donn\u00e9es ne font et ne feront pas l\u2019objet d\u2019un transfert en dehors de l\u2019Union Europ\u00e9enne.<\/p>\n<p><!-- \/wp:paragraph --><\/p>\t\t\t\t\t\t<\/div>\n\t\t\t\t<\/div>\n\t\t\t\t\t<\/div>\n\t\t<\/div>\n\t\t\t\t\t<\/div>\n\t\t<\/section>\n\t\t\t\t<\/div>\n\t\t","protected":false},"excerpt":{"rendered":"<p>Vos donn\u00e9es personnelles font l\u2019objet d\u2019un traitement par notre structure de fa\u00e7on confidentielle. Ce traitement est inscrit au registre des activit\u00e9s de traitements du groupement d\u2019employeurs Profession Sport Culture 38 conform\u00e9ment au r\u00e8glement g\u00e9n\u00e9ral sur la protection des donn\u00e9es et \u00e0 la loi Informatique et Libert\u00e9 III. Ce traitement a plusieurs finalit\u00e9s : La gestion&hellip; <br \/> <a class=\"read-more\" href=\"https:\/\/www.professionsport38.fr\/index.php\/rgpd\/\">Lire la suite<\/a><\/p>\n","protected":false},"author":1,"featured_media":812,"parent":0,"menu_order":0,"comment_status":"closed","ping_status":"closed","template":"","meta":{"_eb_attr":"","footnotes":""},"_links":{"self":[{"href":"https:\/\/www.professionsport38.fr\/index.php\/wp-json\/wp\/v2\/pages\/39"}],"collection":[{"href":"https:\/\/www.professionsport38.fr\/index.php\/wp-json\/wp\/v2\/pages"}],"about":[{"href":"https:\/\/www.professionsport38.fr\/index.php\/wp-json\/wp\/v2\/types\/page"}],"author":[{"embeddable":true,"href":"https:\/\/www.professionsport38.fr\/index.php\/wp-json\/wp\/v2\/users\/1"}],"replies":[{"embeddable":true,"href":"https:\/\/www.professionsport38.fr\/index.php\/wp-json\/wp\/v2\/comments?post=39"}],"version-history":[{"count":9,"href":"https:\/\/www.professionsport38.fr\/index.php\/wp-json\/wp\/v2\/pages\/39\/revisions"}],"predecessor-version":[{"id":9332,"href":"https:\/\/www.professionsport38.fr\/index.php\/wp-json\/wp\/v2\/pages\/39\/revisions\/9332"}],"wp:featuredmedia":[{"embeddable":true,"href":"https:\/\/www.professionsport38.fr\/index.php\/wp-json\/wp\/v2\/media\/812"}],"wp:attachment":[{"href":"https:\/\/www.professionsport38.fr\/index.php\/wp-json\/wp\/v2\/media?parent=39"}],"curies":[{"name":"wp","href":"https:\/\/api.w.org\/{rel}","templated":true}]}}