{"id":267,"date":"2021-11-16T15:16:32","date_gmt":"2021-11-16T14:16:32","guid":{"rendered":"https:\/\/www.professionsport38.fr\/?page_id=267"},"modified":"2026-03-26T12:27:07","modified_gmt":"2026-03-26T11:27:07","slug":"mise-a-disposition","status":"publish","type":"page","link":"https:\/\/www.professionsport38.fr\/index.php\/mise-a-disposition\/","title":{"rendered":"Pr\u00e9sentation"},"content":{"rendered":"\t\t<div data-elementor-type=\"wp-page\" data-elementor-id=\"267\" class=\"elementor elementor-267\">\n\t\t\t\t\t\t<section class=\"elementor-section elementor-top-section elementor-element elementor-element-a16685c elementor-section-boxed elementor-section-height-default elementor-section-height-default\" data-id=\"a16685c\" data-element_type=\"section\">\n\t\t\t\t\t\t<div class=\"elementor-container elementor-column-gap-default\">\n\t\t\t\t\t<div class=\"elementor-column elementor-col-100 elementor-top-column elementor-element elementor-element-0140d3f\" data-id=\"0140d3f\" data-element_type=\"column\">\n\t\t\t<div class=\"elementor-widget-wrap elementor-element-populated\">\n\t\t\t\t\t\t<div class=\"elementor-element elementor-element-41ababf elementor-widget elementor-widget-text-editor\" data-id=\"41ababf\" data-element_type=\"widget\" data-widget_type=\"text-editor.default\">\n\t\t\t\t<div class=\"elementor-widget-container\">\n\t\t\t<style>\/*! elementor - v3.21.0 - 26-05-2024 *\/\n.elementor-widget-text-editor.elementor-drop-cap-view-stacked .elementor-drop-cap{background-color:#69727d;color:#fff}.elementor-widget-text-editor.elementor-drop-cap-view-framed .elementor-drop-cap{color:#69727d;border:3px solid;background-color:transparent}.elementor-widget-text-editor:not(.elementor-drop-cap-view-default) .elementor-drop-cap{margin-top:8px}.elementor-widget-text-editor:not(.elementor-drop-cap-view-default) .elementor-drop-cap-letter{width:1em;height:1em}.elementor-widget-text-editor .elementor-drop-cap{float:left;text-align:center;line-height:1;font-size:50px}.elementor-widget-text-editor .elementor-drop-cap-letter{display:inline-block}<\/style>\t\t\t\t<p>Notre service de mise \u00e0 disposition de personnel propose aux responsables associatifs, dirigeants et \u00e9lus, la mise \u00e0 disposition d&rsquo;\u00e9ducateurs sportifs ou d&rsquo;animateurs en fonction de leurs besoins (une heure, une semaine\u2026).<\/p><p>Pour les utilisateurs, nous sommes l&#8217;employeur, vous \u00eates soulag\u00e9 de toutes les obligations administratives, la totalit\u00e9 des d\u00e9marches li\u00e9es \u00e0 l&#8217;emploi et l&rsquo;ensemble des documents obligatoires sont r\u00e9alis\u00e9s par Profession Sport Culture 38.<\/p><p>Pour les salari\u00e9s, le service vous permet l&rsquo;acc\u00e8s \u00e0 un contrat de travail, un bulletin de salaire unique, une couverture sociale, des droits \u00e0 la formation et un accompagnement professionnel personnalis\u00e9.<\/p>\t\t\t\t\t\t<\/div>\n\t\t\t\t<\/div>\n\t\t\t\t\t<\/div>\n\t\t<\/div>\n\t\t\t\t\t<\/div>\n\t\t<\/section>\n\t\t\t\t<section class=\"elementor-section elementor-top-section elementor-element elementor-element-2ec372d elementor-section-boxed elementor-section-height-default elementor-section-height-default\" data-id=\"2ec372d\" data-element_type=\"section\">\n\t\t\t\t\t\t<div class=\"elementor-container elementor-column-gap-default\">\n\t\t\t\t\t<div class=\"elementor-column elementor-col-50 elementor-top-column elementor-element elementor-element-217bac9\" data-id=\"217bac9\" data-element_type=\"column\">\n\t\t\t<div class=\"elementor-widget-wrap elementor-element-populated\">\n\t\t\t\t\t\t<div class=\"elementor-element elementor-element-ee3464c elementor-widget elementor-widget-image\" data-id=\"ee3464c\" data-element_type=\"widget\" data-widget_type=\"image.default\">\n\t\t\t\t<div class=\"elementor-widget-container\">\n\t\t\t<style>\/*! elementor - v3.21.0 - 26-05-2024 *\/\n.elementor-widget-image{text-align:center}.elementor-widget-image a{display:inline-block}.elementor-widget-image a img[src$=\".svg\"]{width:48px}.elementor-widget-image img{vertical-align:middle;display:inline-block}<\/style>\t\t\t\t\t\t\t\t\t\t<img fetchpriority=\"high\" decoding=\"async\" width=\"724\" height=\"1024\" src=\"https:\/\/www.professionsport38.fr\/wp-content\/uploads\/2026\/01\/1-724x1024.png\" class=\"attachment-large size-large wp-image-9085\" alt=\"\" srcset=\"https:\/\/www.professionsport38.fr\/wp-content\/uploads\/2026\/01\/1-724x1024.png 724w, https:\/\/www.professionsport38.fr\/wp-content\/uploads\/2026\/01\/1-212x300.png 212w, https:\/\/www.professionsport38.fr\/wp-content\/uploads\/2026\/01\/1-768x1086.png 768w, https:\/\/www.professionsport38.fr\/wp-content\/uploads\/2026\/01\/1-1086x1536.png 1086w, https:\/\/www.professionsport38.fr\/wp-content\/uploads\/2026\/01\/1-1024x1448.png 1024w, https:\/\/www.professionsport38.fr\/wp-content\/uploads\/2026\/01\/1-764x1080.png 764w, https:\/\/www.professionsport38.fr\/wp-content\/uploads\/2026\/01\/1.png 1414w\" sizes=\"(max-width: 724px) 100vw, 724px\" \/>\t\t\t\t\t\t\t\t\t\t\t\t\t<\/div>\n\t\t\t\t<\/div>\n\t\t\t\t\t<\/div>\n\t\t<\/div>\n\t\t\t\t<div class=\"elementor-column elementor-col-50 elementor-top-column elementor-element elementor-element-0e5cef6\" data-id=\"0e5cef6\" data-element_type=\"column\">\n\t\t\t<div class=\"elementor-widget-wrap elementor-element-populated\">\n\t\t\t\t\t\t<div class=\"elementor-element elementor-element-ba91cc3 elementor-widget elementor-widget-image\" data-id=\"ba91cc3\" data-element_type=\"widget\" data-widget_type=\"image.default\">\n\t\t\t\t<div class=\"elementor-widget-container\">\n\t\t\t\t\t\t\t\t\t\t\t\t\t<img decoding=\"async\" width=\"724\" height=\"1024\" src=\"https:\/\/www.professionsport38.fr\/wp-content\/uploads\/2026\/01\/2-724x1024.png\" class=\"attachment-large size-large wp-image-9086\" alt=\"\" srcset=\"https:\/\/www.professionsport38.fr\/wp-content\/uploads\/2026\/01\/2-724x1024.png 724w, https:\/\/www.professionsport38.fr\/wp-content\/uploads\/2026\/01\/2-212x300.png 212w, https:\/\/www.professionsport38.fr\/wp-content\/uploads\/2026\/01\/2-768x1086.png 768w, https:\/\/www.professionsport38.fr\/wp-content\/uploads\/2026\/01\/2-1086x1536.png 1086w, https:\/\/www.professionsport38.fr\/wp-content\/uploads\/2026\/01\/2-1024x1448.png 1024w, https:\/\/www.professionsport38.fr\/wp-content\/uploads\/2026\/01\/2-764x1080.png 764w, https:\/\/www.professionsport38.fr\/wp-content\/uploads\/2026\/01\/2.png 1414w\" sizes=\"(max-width: 724px) 100vw, 724px\" \/>\t\t\t\t\t\t\t\t\t\t\t\t\t<\/div>\n\t\t\t\t<\/div>\n\t\t\t\t<div class=\"elementor-element elementor-element-f7906e8 elementor-icon-list--layout-traditional elementor-list-item-link-full_width elementor-widget elementor-widget-icon-list\" data-id=\"f7906e8\" data-element_type=\"widget\" data-widget_type=\"icon-list.default\">\n\t\t\t\t<div class=\"elementor-widget-container\">\n\t\t\t<link rel=\"stylesheet\" href=\"https:\/\/www.professionsport38.fr\/wp-content\/plugins\/elementor\/assets\/css\/widget-icon-list.min.css\">\t\t<ul class=\"elementor-icon-list-items\">\n\t\t\t\t\t\t\t<li class=\"elementor-icon-list-item\">\n\t\t\t\t\t\t\t\t\t\t\t<span class=\"elementor-icon-list-icon\">\n\t\t\t\t\t\t\t<i aria-hidden=\"true\" class=\"fas fa-exclamation-triangle\"><\/i>\t\t\t\t\t\t<\/span>\n\t\t\t\t\t\t\t\t\t\t<span class=\"elementor-icon-list-text\">A partir du 21\/04\/2026<\/span>\n\t\t\t\t\t\t\t\t\t<\/li>\n\t\t\t\t\t\t\t\t<li class=\"elementor-icon-list-item\">\n\t\t\t\t\t\t\t\t\t\t\t<span class=\"elementor-icon-list-icon\">\n\t\t\t\t\t\t\t<i aria-hidden=\"true\" class=\"far fa-envelope\"><\/i>\t\t\t\t\t\t<\/span>\n\t\t\t\t\t\t\t\t\t\t<span class=\"elementor-icon-list-text\">emploi38@profession-sport-loisirs.fr<\/span>\n\t\t\t\t\t\t\t\t\t<\/li>\n\t\t\t\t\t\t<\/ul>\n\t\t\t\t<\/div>\n\t\t\t\t<\/div>\n\t\t\t\t\t<\/div>\n\t\t<\/div>\n\t\t\t\t\t<\/div>\n\t\t<\/section>\n\t\t\t\t<section class=\"elementor-section elementor-top-section elementor-element elementor-element-3ce2108e elementor-section-boxed elementor-section-height-default elementor-section-height-default\" data-id=\"3ce2108e\" data-element_type=\"section\">\n\t\t\t\t\t\t<div class=\"elementor-container elementor-column-gap-default\">\n\t\t\t\t\t<div class=\"elementor-column elementor-col-100 elementor-top-column elementor-element elementor-element-6a29065b\" data-id=\"6a29065b\" data-element_type=\"column\">\n\t\t\t<div class=\"elementor-widget-wrap elementor-element-populated\">\n\t\t\t\t\t\t<div class=\"elementor-element elementor-element-aad60f5 elementor-widget elementor-widget-spacer\" data-id=\"aad60f5\" data-element_type=\"widget\" data-widget_type=\"spacer.default\">\n\t\t\t\t<div class=\"elementor-widget-container\">\n\t\t\t<style>\/*! elementor - v3.21.0 - 26-05-2024 *\/\n.elementor-column .elementor-spacer-inner{height:var(--spacer-size)}.e-con{--container-widget-width:100%}.e-con-inner>.elementor-widget-spacer,.e-con>.elementor-widget-spacer{width:var(--container-widget-width,var(--spacer-size));--align-self:var(--container-widget-align-self,initial);--flex-shrink:0}.e-con-inner>.elementor-widget-spacer>.elementor-widget-container,.e-con>.elementor-widget-spacer>.elementor-widget-container{height:100%;width:100%}.e-con-inner>.elementor-widget-spacer>.elementor-widget-container>.elementor-spacer,.e-con>.elementor-widget-spacer>.elementor-widget-container>.elementor-spacer{height:100%}.e-con-inner>.elementor-widget-spacer>.elementor-widget-container>.elementor-spacer>.elementor-spacer-inner,.e-con>.elementor-widget-spacer>.elementor-widget-container>.elementor-spacer>.elementor-spacer-inner{height:var(--container-widget-height,var(--spacer-size))}.e-con-inner>.elementor-widget-spacer.elementor-widget-empty,.e-con>.elementor-widget-spacer.elementor-widget-empty{position:relative;min-height:22px;min-width:22px}.e-con-inner>.elementor-widget-spacer.elementor-widget-empty .elementor-widget-empty-icon,.e-con>.elementor-widget-spacer.elementor-widget-empty .elementor-widget-empty-icon{position:absolute;top:0;bottom:0;left:0;right:0;margin:auto;padding:0;width:22px;height:22px}<\/style>\t\t<div class=\"elementor-spacer\">\n\t\t\t<div class=\"elementor-spacer-inner\"><\/div>\n\t\t<\/div>\n\t\t\t\t<\/div>\n\t\t\t\t<\/div>\n\t\t\t\t<div class=\"elementor-element elementor-element-5a7e4da elementor-widget elementor-widget-heading\" data-id=\"5a7e4da\" data-element_type=\"widget\" data-widget_type=\"heading.default\">\n\t\t\t\t<div class=\"elementor-widget-container\">\n\t\t\t<style>\/*! elementor - v3.21.0 - 26-05-2024 *\/\n.elementor-heading-title{padding:0;margin:0;line-height:1}.elementor-widget-heading .elementor-heading-title[class*=elementor-size-]>a{color:inherit;font-size:inherit;line-height:inherit}.elementor-widget-heading .elementor-heading-title.elementor-size-small{font-size:15px}.elementor-widget-heading .elementor-heading-title.elementor-size-medium{font-size:19px}.elementor-widget-heading .elementor-heading-title.elementor-size-large{font-size:29px}.elementor-widget-heading .elementor-heading-title.elementor-size-xl{font-size:39px}.elementor-widget-heading .elementor-heading-title.elementor-size-xxl{font-size:59px}<\/style><h1 class=\"elementor-heading-title elementor-size-default\">Nos avantages<\/h1>\t\t<\/div>\n\t\t\t\t<\/div>\n\t\t\t\t\t<\/div>\n\t\t<\/div>\n\t\t\t\t\t<\/div>\n\t\t<\/section>\n\t\t\t\t<section class=\"elementor-section elementor-top-section elementor-element elementor-element-cebd23a elementor-section-boxed elementor-section-height-default elementor-section-height-default\" data-id=\"cebd23a\" data-element_type=\"section\">\n\t\t\t\t\t\t<div class=\"elementor-container elementor-column-gap-default\">\n\t\t\t\t\t<div class=\"elementor-column elementor-col-100 elementor-top-column elementor-element elementor-element-9c41373\" data-id=\"9c41373\" data-element_type=\"column\">\n\t\t\t<div class=\"elementor-widget-wrap elementor-element-populated\">\n\t\t\t\t\t\t<div class=\"elementor-element elementor-element-bdb5150 elementor-widget elementor-widget-heading\" data-id=\"bdb5150\" data-element_type=\"widget\" data-widget_type=\"heading.default\">\n\t\t\t\t<div class=\"elementor-widget-container\">\n\t\t\t<h2 class=\"elementor-heading-title elementor-size-large\">Simplicit\u00e9<\/h2>\t\t<\/div>\n\t\t\t\t<\/div>\n\t\t\t\t\t<\/div>\n\t\t<\/div>\n\t\t\t\t\t<\/div>\n\t\t<\/section>\n\t\t\t\t<section class=\"elementor-section elementor-top-section elementor-element elementor-element-0cd6208 elementor-section-boxed elementor-section-height-default elementor-section-height-default\" data-id=\"0cd6208\" data-element_type=\"section\">\n\t\t\t\t\t\t<div class=\"elementor-container elementor-column-gap-default\">\n\t\t\t\t\t<div class=\"elementor-column elementor-col-100 elementor-top-column elementor-element elementor-element-d14b4c3\" data-id=\"d14b4c3\" data-element_type=\"column\">\n\t\t\t<div class=\"elementor-widget-wrap elementor-element-populated\">\n\t\t\t\t\t\t<div class=\"elementor-element elementor-element-0263a71 elementor-widget elementor-widget-text-editor\" data-id=\"0263a71\" data-element_type=\"widget\" data-widget_type=\"text-editor.default\">\n\t\t\t\t<div class=\"elementor-widget-container\">\n\t\t\t\t\t\t\t<ul><li>1 devis, 1 convention, 1 facture<\/li><li>La prise en charge totale des charges administratives par Profession Sport Culture 38<\/li><\/ul>\t\t\t\t\t\t<\/div>\n\t\t\t\t<\/div>\n\t\t\t\t\t<\/div>\n\t\t<\/div>\n\t\t\t\t\t<\/div>\n\t\t<\/section>\n\t\t\t\t<section class=\"elementor-section elementor-top-section elementor-element elementor-element-b69e823 elementor-section-boxed elementor-section-height-default elementor-section-height-default\" data-id=\"b69e823\" data-element_type=\"section\">\n\t\t\t\t\t\t<div class=\"elementor-container elementor-column-gap-default\">\n\t\t\t\t\t<div class=\"elementor-column elementor-col-100 elementor-top-column elementor-element elementor-element-5f6a01c\" data-id=\"5f6a01c\" data-element_type=\"column\">\n\t\t\t<div class=\"elementor-widget-wrap elementor-element-populated\">\n\t\t\t\t\t\t<div class=\"elementor-element elementor-element-4123747 elementor-widget elementor-widget-heading\" data-id=\"4123747\" data-element_type=\"widget\" data-widget_type=\"heading.default\">\n\t\t\t\t<div class=\"elementor-widget-container\">\n\t\t\t<h2 class=\"elementor-heading-title elementor-size-large\">Souplesse<\/h2>\t\t<\/div>\n\t\t\t\t<\/div>\n\t\t\t\t\t<\/div>\n\t\t<\/div>\n\t\t\t\t\t<\/div>\n\t\t<\/section>\n\t\t\t\t<section class=\"elementor-section elementor-top-section elementor-element elementor-element-d0db469 elementor-section-boxed elementor-section-height-default elementor-section-height-default\" data-id=\"d0db469\" data-element_type=\"section\">\n\t\t\t\t\t\t<div class=\"elementor-container elementor-column-gap-default\">\n\t\t\t\t\t<div class=\"elementor-column elementor-col-100 elementor-top-column elementor-element elementor-element-5607f3f\" data-id=\"5607f3f\" data-element_type=\"column\">\n\t\t\t<div class=\"elementor-widget-wrap elementor-element-populated\">\n\t\t\t\t\t\t<div class=\"elementor-element elementor-element-9e95fc7 elementor-widget elementor-widget-text-editor\" data-id=\"9e95fc7\" data-element_type=\"widget\" data-widget_type=\"text-editor.default\">\n\t\t\t\t<div class=\"elementor-widget-container\">\n\t\t\t\t\t\t\t<ul>\n<li>Faciliter la gestion de vos emplois \u00e0 temps partiels<\/li>\n<li>Adapter votre effectif \u00e0 votre activit\u00e9<\/li>\n<\/ul>\t\t\t\t\t\t<\/div>\n\t\t\t\t<\/div>\n\t\t\t\t\t<\/div>\n\t\t<\/div>\n\t\t\t\t\t<\/div>\n\t\t<\/section>\n\t\t\t\t<section class=\"elementor-section elementor-top-section elementor-element elementor-element-5ee5f0d elementor-section-boxed elementor-section-height-default elementor-section-height-default\" data-id=\"5ee5f0d\" data-element_type=\"section\">\n\t\t\t\t\t\t<div class=\"elementor-container elementor-column-gap-default\">\n\t\t\t\t\t<div class=\"elementor-column elementor-col-100 elementor-top-column elementor-element elementor-element-46bbf60\" data-id=\"46bbf60\" data-element_type=\"column\">\n\t\t\t<div class=\"elementor-widget-wrap elementor-element-populated\">\n\t\t\t\t\t\t<div class=\"elementor-element elementor-element-083586c elementor-widget elementor-widget-heading\" data-id=\"083586c\" data-element_type=\"widget\" data-widget_type=\"heading.default\">\n\t\t\t\t<div class=\"elementor-widget-container\">\n\t\t\t<h2 class=\"elementor-heading-title elementor-size-large\">S\u00e9curit\u00e9<\/h2>\t\t<\/div>\n\t\t\t\t<\/div>\n\t\t\t\t\t<\/div>\n\t\t<\/div>\n\t\t\t\t\t<\/div>\n\t\t<\/section>\n\t\t\t\t<section class=\"elementor-section elementor-top-section elementor-element elementor-element-4dc8219 elementor-section-boxed elementor-section-height-default elementor-section-height-default\" data-id=\"4dc8219\" data-element_type=\"section\">\n\t\t\t\t\t\t<div class=\"elementor-container elementor-column-gap-default\">\n\t\t\t\t\t<div class=\"elementor-column elementor-col-100 elementor-top-column elementor-element elementor-element-0171864\" data-id=\"0171864\" data-element_type=\"column\">\n\t\t\t<div class=\"elementor-widget-wrap elementor-element-populated\">\n\t\t\t\t\t\t<div class=\"elementor-element elementor-element-2fa9ad4 elementor-widget elementor-widget-text-editor\" data-id=\"2fa9ad4\" data-element_type=\"widget\" data-widget_type=\"text-editor.default\">\n\t\t\t\t<div class=\"elementor-widget-container\">\n\t\t\t\t\t\t\t<ul>\n<li>La conformit\u00e9 avec la l\u00e9gislation : des \u00e9ducateurs dipl\u00f4m\u00e9s et d\u00e9clar\u00e9s aupr\u00e8s des services Jeunesse et Sports. Tous nos personnels sont assur\u00e9s en responsabilit\u00e9 civile.<\/li>\n<\/ul>\t\t\t\t\t\t<\/div>\n\t\t\t\t<\/div>\n\t\t\t\t\t<\/div>\n\t\t<\/div>\n\t\t\t\t\t<\/div>\n\t\t<\/section>\n\t\t\t\t<section class=\"elementor-section elementor-top-section elementor-element elementor-element-dbca356 elementor-section-boxed elementor-section-height-default elementor-section-height-default\" data-id=\"dbca356\" data-element_type=\"section\">\n\t\t\t\t\t\t<div class=\"elementor-container elementor-column-gap-default\">\n\t\t\t\t\t<div class=\"elementor-column elementor-col-100 elementor-top-column elementor-element elementor-element-f1a905b\" data-id=\"f1a905b\" data-element_type=\"column\">\n\t\t\t<div class=\"elementor-widget-wrap elementor-element-populated\">\n\t\t\t\t\t\t<div class=\"elementor-element elementor-element-e4b7554 elementor-widget elementor-widget-heading\" data-id=\"e4b7554\" data-element_type=\"widget\" data-widget_type=\"heading.default\">\n\t\t\t\t<div class=\"elementor-widget-container\">\n\t\t\t<h2 class=\"elementor-heading-title elementor-size-large\">S\u00e9r\u00e9nit\u00e9<\/h2>\t\t<\/div>\n\t\t\t\t<\/div>\n\t\t\t\t\t<\/div>\n\t\t<\/div>\n\t\t\t\t\t<\/div>\n\t\t<\/section>\n\t\t\t\t<section class=\"elementor-section elementor-top-section elementor-element elementor-element-810f557 elementor-section-boxed elementor-section-height-default elementor-section-height-default\" data-id=\"810f557\" data-element_type=\"section\">\n\t\t\t\t\t\t<div class=\"elementor-container elementor-column-gap-default\">\n\t\t\t\t\t<div class=\"elementor-column elementor-col-100 elementor-top-column elementor-element elementor-element-ae24388\" data-id=\"ae24388\" data-element_type=\"column\">\n\t\t\t<div class=\"elementor-widget-wrap elementor-element-populated\">\n\t\t\t\t\t\t<div class=\"elementor-element elementor-element-27078de elementor-widget elementor-widget-text-editor\" data-id=\"27078de\" data-element_type=\"widget\" data-widget_type=\"text-editor.default\">\n\t\t\t\t<div class=\"elementor-widget-container\">\n\t\t\t\t\t\t\t<ul><li>Les intervenants sont r\u00e9mun\u00e9r\u00e9s toutes les fins de mois sur un principe de lissage et une r\u00e9gularisation des heures est r\u00e9alis\u00e9e simultan\u00e9ment en fin de contrat et de convention.<\/li><\/ul>\t\t\t\t\t\t<\/div>\n\t\t\t\t<\/div>\n\t\t\t\t\t<\/div>\n\t\t<\/div>\n\t\t\t\t\t<\/div>\n\t\t<\/section>\n\t\t\t\t<section class=\"elementor-section elementor-top-section elementor-element elementor-element-71760b3 elementor-section-boxed elementor-section-height-default elementor-section-height-default\" data-id=\"71760b3\" data-element_type=\"section\">\n\t\t\t\t\t\t<div class=\"elementor-container elementor-column-gap-default\">\n\t\t\t\t\t<div class=\"elementor-column elementor-col-50 elementor-top-column elementor-element elementor-element-07248ae\" data-id=\"07248ae\" data-element_type=\"column\">\n\t\t\t<div class=\"elementor-widget-wrap elementor-element-populated\">\n\t\t\t\t\t\t<div class=\"elementor-element elementor-element-8b42d2c elementor-widget elementor-widget-image\" data-id=\"8b42d2c\" data-element_type=\"widget\" data-widget_type=\"image.default\">\n\t\t\t\t<div class=\"elementor-widget-container\">\n\t\t\t\t\t\t\t\t\t\t\t\t\t<img decoding=\"async\" width=\"728\" height=\"1024\" src=\"https:\/\/www.professionsport38.fr\/wp-content\/uploads\/2024\/06\/Plaquette-MAD_Page_1-728x1024.jpg\" class=\"attachment-large size-large wp-image-6331\" alt=\"\" srcset=\"https:\/\/www.professionsport38.fr\/wp-content\/uploads\/2024\/06\/Plaquette-MAD_Page_1-728x1024.jpg 728w, https:\/\/www.professionsport38.fr\/wp-content\/uploads\/2024\/06\/Plaquette-MAD_Page_1-213x300.jpg 213w, https:\/\/www.professionsport38.fr\/wp-content\/uploads\/2024\/06\/Plaquette-MAD_Page_1-768x1080.jpg 768w, https:\/\/www.professionsport38.fr\/wp-content\/uploads\/2024\/06\/Plaquette-MAD_Page_1-1092x1536.jpg 1092w, https:\/\/www.professionsport38.fr\/wp-content\/uploads\/2024\/06\/Plaquette-MAD_Page_1-1456x2048.jpg 1456w, https:\/\/www.professionsport38.fr\/wp-content\/uploads\/2024\/06\/Plaquette-MAD_Page_1-1024x1440.jpg 1024w, https:\/\/www.professionsport38.fr\/wp-content\/uploads\/2024\/06\/Plaquette-MAD_Page_1.jpg 1686w\" sizes=\"(max-width: 728px) 100vw, 728px\" \/>\t\t\t\t\t\t\t\t\t\t\t\t\t<\/div>\n\t\t\t\t<\/div>\n\t\t\t\t\t<\/div>\n\t\t<\/div>\n\t\t\t\t<div class=\"elementor-column elementor-col-50 elementor-top-column elementor-element elementor-element-8aa5559\" data-id=\"8aa5559\" data-element_type=\"column\">\n\t\t\t<div class=\"elementor-widget-wrap elementor-element-populated\">\n\t\t\t\t\t\t<div class=\"elementor-element elementor-element-eb65ec5 elementor-widget elementor-widget-image\" data-id=\"eb65ec5\" data-element_type=\"widget\" data-widget_type=\"image.default\">\n\t\t\t\t<div class=\"elementor-widget-container\">\n\t\t\t\t\t\t\t\t\t\t\t\t\t<img loading=\"lazy\" decoding=\"async\" width=\"728\" height=\"1024\" src=\"https:\/\/www.professionsport38.fr\/wp-content\/uploads\/2024\/06\/Plaquette-MAD_Page_2-728x1024.jpg\" class=\"attachment-large size-large wp-image-6332\" alt=\"\" srcset=\"https:\/\/www.professionsport38.fr\/wp-content\/uploads\/2024\/06\/Plaquette-MAD_Page_2-728x1024.jpg 728w, https:\/\/www.professionsport38.fr\/wp-content\/uploads\/2024\/06\/Plaquette-MAD_Page_2-213x300.jpg 213w, https:\/\/www.professionsport38.fr\/wp-content\/uploads\/2024\/06\/Plaquette-MAD_Page_2-768x1080.jpg 768w, https:\/\/www.professionsport38.fr\/wp-content\/uploads\/2024\/06\/Plaquette-MAD_Page_2-1092x1536.jpg 1092w, https:\/\/www.professionsport38.fr\/wp-content\/uploads\/2024\/06\/Plaquette-MAD_Page_2-1456x2048.jpg 1456w, https:\/\/www.professionsport38.fr\/wp-content\/uploads\/2024\/06\/Plaquette-MAD_Page_2-1024x1440.jpg 1024w, https:\/\/www.professionsport38.fr\/wp-content\/uploads\/2024\/06\/Plaquette-MAD_Page_2.jpg 1686w\" sizes=\"(max-width: 728px) 100vw, 728px\" \/>\t\t\t\t\t\t\t\t\t\t\t\t\t<\/div>\n\t\t\t\t<\/div>\n\t\t\t\t<div class=\"elementor-element elementor-element-c9fc60e elementor-icon-list--layout-traditional elementor-list-item-link-full_width elementor-widget elementor-widget-icon-list\" data-id=\"c9fc60e\" data-element_type=\"widget\" data-widget_type=\"icon-list.default\">\n\t\t\t\t<div class=\"elementor-widget-container\">\n\t\t\t\t\t<ul class=\"elementor-icon-list-items\">\n\t\t\t\t\t\t\t<li class=\"elementor-icon-list-item\">\n\t\t\t\t\t\t\t\t\t\t\t<span class=\"elementor-icon-list-icon\">\n\t\t\t\t\t\t\t<i aria-hidden=\"true\" class=\"fas fa-exclamation-triangle\"><\/i>\t\t\t\t\t\t<\/span>\n\t\t\t\t\t\t\t\t\t\t<span class=\"elementor-icon-list-text\">A partir du 21\/04\/2026<\/span>\n\t\t\t\t\t\t\t\t\t<\/li>\n\t\t\t\t\t\t\t\t<li class=\"elementor-icon-list-item\">\n\t\t\t\t\t\t\t\t\t\t\t<span class=\"elementor-icon-list-icon\">\n\t\t\t\t\t\t\t<i aria-hidden=\"true\" class=\"far fa-envelope\"><\/i>\t\t\t\t\t\t<\/span>\n\t\t\t\t\t\t\t\t\t\t<span class=\"elementor-icon-list-text\">emploi38@profession-sport-loisirs.fr<\/span>\n\t\t\t\t\t\t\t\t\t<\/li>\n\t\t\t\t\t\t<\/ul>\n\t\t\t\t<\/div>\n\t\t\t\t<\/div>\n\t\t\t\t\t<\/div>\n\t\t<\/div>\n\t\t\t\t\t<\/div>\n\t\t<\/section>\n\t\t\t\t<\/div>\n\t\t","protected":false},"excerpt":{"rendered":"<p>Notre service de mise \u00e0 disposition de personnel propose aux responsables associatifs, dirigeants et \u00e9lus, la mise \u00e0 disposition d&rsquo;\u00e9ducateurs sportifs ou d&rsquo;animateurs en fonction de leurs besoins (une heure, une semaine\u2026). Pour les utilisateurs, nous sommes l&#8217;employeur, vous \u00eates soulag\u00e9 de toutes les obligations administratives, la totalit\u00e9 des d\u00e9marches li\u00e9es \u00e0 l&#8217;emploi et l&rsquo;ensemble&hellip; <br \/> <a class=\"read-more\" href=\"https:\/\/www.professionsport38.fr\/index.php\/mise-a-disposition\/\">Lire la suite<\/a><\/p>\n","protected":false},"author":1,"featured_media":812,"parent":0,"menu_order":0,"comment_status":"closed","ping_status":"closed","template":"","meta":{"_eb_attr":"","footnotes":""},"_links":{"self":[{"href":"https:\/\/www.professionsport38.fr\/index.php\/wp-json\/wp\/v2\/pages\/267"}],"collection":[{"href":"https:\/\/www.professionsport38.fr\/index.php\/wp-json\/wp\/v2\/pages"}],"about":[{"href":"https:\/\/www.professionsport38.fr\/index.php\/wp-json\/wp\/v2\/types\/page"}],"author":[{"embeddable":true,"href":"https:\/\/www.professionsport38.fr\/index.php\/wp-json\/wp\/v2\/users\/1"}],"replies":[{"embeddable":true,"href":"https:\/\/www.professionsport38.fr\/index.php\/wp-json\/wp\/v2\/comments?post=267"}],"version-history":[{"count":50,"href":"https:\/\/www.professionsport38.fr\/index.php\/wp-json\/wp\/v2\/pages\/267\/revisions"}],"predecessor-version":[{"id":9490,"href":"https:\/\/www.professionsport38.fr\/index.php\/wp-json\/wp\/v2\/pages\/267\/revisions\/9490"}],"wp:featuredmedia":[{"embeddable":true,"href":"https:\/\/www.professionsport38.fr\/index.php\/wp-json\/wp\/v2\/media\/812"}],"wp:attachment":[{"href":"https:\/\/www.professionsport38.fr\/index.php\/wp-json\/wp\/v2\/media?parent=267"}],"curies":[{"name":"wp","href":"https:\/\/api.w.org\/{rel}","templated":true}]}}