{"id":2492,"date":"2022-04-29T11:54:05","date_gmt":"2022-04-29T09:54:05","guid":{"rendered":"http:\/\/www.professionsport38.fr\/?page_id=2492"},"modified":"2026-03-06T14:49:59","modified_gmt":"2026-03-06T13:49:59","slug":"assemblee-generale","status":"publish","type":"page","link":"https:\/\/www.professionsport38.fr\/index.php\/assemblee-generale\/","title":{"rendered":"Assembl\u00e9e g\u00e9n\u00e9rale"},"content":{"rendered":"\t\t<div data-elementor-type=\"wp-page\" data-elementor-id=\"2492\" class=\"elementor elementor-2492\">\n\t\t\t\t\t\t<section class=\"elementor-section elementor-top-section elementor-element elementor-element-8975c87 elementor-section-boxed elementor-section-height-default elementor-section-height-default\" data-id=\"8975c87\" data-element_type=\"section\">\n\t\t\t\t\t\t<div class=\"elementor-container elementor-column-gap-default\">\n\t\t\t\t\t<div class=\"elementor-column elementor-col-100 elementor-top-column elementor-element elementor-element-5ba87a8\" data-id=\"5ba87a8\" data-element_type=\"column\">\n\t\t\t<div class=\"elementor-widget-wrap elementor-element-populated\">\n\t\t\t\t\t\t<div class=\"elementor-element elementor-element-9a199f7 elementor-widget elementor-widget-button\" data-id=\"9a199f7\" data-element_type=\"widget\" data-widget_type=\"button.default\">\n\t\t\t\t<div class=\"elementor-widget-container\">\n\t\t\t\t\t<div class=\"elementor-button-wrapper\">\n\t\t\t<a class=\"elementor-button elementor-button-link elementor-size-sm\" href=\"https:\/\/www.professionsport38.fr\/wp-content\/uploads\/2025\/07\/Rapport-dactivites-2024_Profession-Sport-Culture-38.pdf\" target=\"_blank\">\n\t\t\t\t\t\t<span class=\"elementor-button-content-wrapper\">\n\t\t\t\t\t\t\t\t\t<span class=\"elementor-button-text\">Rapport d'activit\u00e9s 2024<\/span>\n\t\t\t\t\t<\/span>\n\t\t\t\t\t<\/a>\n\t\t<\/div>\n\t\t\t\t<\/div>\n\t\t\t\t<\/div>\n\t\t\t\t<div class=\"elementor-element elementor-element-2d87cbb elementor-widget elementor-widget-button\" data-id=\"2d87cbb\" data-element_type=\"widget\" data-widget_type=\"button.default\">\n\t\t\t\t<div class=\"elementor-widget-container\">\n\t\t\t\t\t<div class=\"elementor-button-wrapper\">\n\t\t\t<a class=\"elementor-button elementor-button-link elementor-size-sm\" href=\"https:\/\/www.professionsport38.fr\/wp-content\/uploads\/2025\/07\/Compte-rendu-2024_Profession-Sport-Culture-38.pdf\" target=\"_blank\">\n\t\t\t\t\t\t<span class=\"elementor-button-content-wrapper\">\n\t\t\t\t\t\t\t\t\t<span class=\"elementor-button-text\">Compte-rendu de l'assembl\u00e9e g\u00e9n\u00e9rale 2024<\/span>\n\t\t\t\t\t<\/span>\n\t\t\t\t\t<\/a>\n\t\t<\/div>\n\t\t\t\t<\/div>\n\t\t\t\t<\/div>\n\t\t\t\t\t<\/div>\n\t\t<\/div>\n\t\t\t\t\t<\/div>\n\t\t<\/section>\n\t\t\t\t<section class=\"elementor-section elementor-top-section elementor-element elementor-element-a70544d elementor-section-boxed elementor-section-height-default elementor-section-height-default\" data-id=\"a70544d\" data-element_type=\"section\">\n\t\t\t\t\t\t<div class=\"elementor-container elementor-column-gap-default\">\n\t\t\t\t\t<div class=\"elementor-column elementor-col-100 elementor-top-column elementor-element elementor-element-ce2b229\" data-id=\"ce2b229\" data-element_type=\"column\">\n\t\t\t<div class=\"elementor-widget-wrap elementor-element-populated\">\n\t\t\t\t\t\t<div class=\"elementor-element elementor-element-d4d65eb elementor-widget elementor-widget-button\" data-id=\"d4d65eb\" data-element_type=\"widget\" data-widget_type=\"button.default\">\n\t\t\t\t<div class=\"elementor-widget-container\">\n\t\t\t\t\t<div class=\"elementor-button-wrapper\">\n\t\t\t<a class=\"elementor-button elementor-button-link elementor-size-sm\" href=\"https:\/\/www.professionsport38.fr\/wp-content\/uploads\/2026\/03\/Compte-rendu-AGE-26-fev-26_PSC38.pdf\" target=\"_blank\">\n\t\t\t\t\t\t<span class=\"elementor-button-content-wrapper\">\n\t\t\t\t\t\t\t\t\t<span class=\"elementor-button-text\">Compte-rendu AGE _ F\u00e9vrier 2026<\/span>\n\t\t\t\t\t<\/span>\n\t\t\t\t\t<\/a>\n\t\t<\/div>\n\t\t\t\t<\/div>\n\t\t\t\t<\/div>\n\t\t\t\t\t<\/div>\n\t\t<\/div>\n\t\t\t\t\t<\/div>\n\t\t<\/section>\n\t\t\t\t<\/div>\n\t\t","protected":false},"excerpt":{"rendered":"<p>Rapport d&rsquo;activit\u00e9s 2024 Compte-rendu de l&rsquo;assembl\u00e9e g\u00e9n\u00e9rale 2024 Compte-rendu AGE _ F\u00e9vrier 2026<\/p>\n","protected":false},"author":1,"featured_media":812,"parent":0,"menu_order":0,"comment_status":"closed","ping_status":"closed","template":"","meta":{"_eb_attr":"","footnotes":""},"_links":{"self":[{"href":"https:\/\/www.professionsport38.fr\/index.php\/wp-json\/wp\/v2\/pages\/2492"}],"collection":[{"href":"https:\/\/www.professionsport38.fr\/index.php\/wp-json\/wp\/v2\/pages"}],"about":[{"href":"https:\/\/www.professionsport38.fr\/index.php\/wp-json\/wp\/v2\/types\/page"}],"author":[{"embeddable":true,"href":"https:\/\/www.professionsport38.fr\/index.php\/wp-json\/wp\/v2\/users\/1"}],"replies":[{"embeddable":true,"href":"https:\/\/www.professionsport38.fr\/index.php\/wp-json\/wp\/v2\/comments?post=2492"}],"version-history":[{"count":139,"href":"https:\/\/www.professionsport38.fr\/index.php\/wp-json\/wp\/v2\/pages\/2492\/revisions"}],"predecessor-version":[{"id":9352,"href":"https:\/\/www.professionsport38.fr\/index.php\/wp-json\/wp\/v2\/pages\/2492\/revisions\/9352"}],"wp:featuredmedia":[{"embeddable":true,"href":"https:\/\/www.professionsport38.fr\/index.php\/wp-json\/wp\/v2\/media\/812"}],"wp:attachment":[{"href":"https:\/\/www.professionsport38.fr\/index.php\/wp-json\/wp\/v2\/media?parent=2492"}],"curies":[{"name":"wp","href":"https:\/\/api.w.org\/{rel}","templated":true}]}}