{"id":232,"date":"2025-04-23T08:37:51","date_gmt":"2025-04-23T06:37:51","guid":{"rendered":"https:\/\/www.professionsport38.fr\/?page_id=232"},"modified":"2026-03-26T12:21:12","modified_gmt":"2026-03-26T11:21:12","slug":"cqp","status":"publish","type":"page","link":"https:\/\/www.professionsport38.fr\/index.php\/cqp\/","title":{"rendered":"Certificat de Qualification Professionnel Animateur de Loisir Sportif &#8211; Option Jeux Sportifs et Jeux d&rsquo;Opposition"},"content":{"rendered":"\t\t<div data-elementor-type=\"wp-page\" data-elementor-id=\"232\" class=\"elementor elementor-232\">\n\t\t\t\t\t\t<section class=\"elementor-section elementor-top-section elementor-element elementor-element-5ac6ed8 elementor-section-boxed elementor-section-height-default elementor-section-height-default\" data-id=\"5ac6ed8\" data-element_type=\"section\">\n\t\t\t\t\t\t<div class=\"elementor-container elementor-column-gap-default\">\n\t\t\t\t\t<div class=\"elementor-column elementor-col-100 elementor-top-column elementor-element elementor-element-be83f75\" data-id=\"be83f75\" data-element_type=\"column\">\n\t\t\t<div class=\"elementor-widget-wrap elementor-element-populated\">\n\t\t\t\t\t\t<div class=\"elementor-element elementor-element-9b9fb6c elementor-widget__width-initial elementor-widget elementor-widget-text-editor\" data-id=\"9b9fb6c\" data-element_type=\"widget\" data-widget_type=\"text-editor.default\">\n\t\t\t\t<div class=\"elementor-widget-container\">\n\t\t\t<style>\/*! elementor - v3.21.0 - 26-05-2024 *\/\n.elementor-widget-text-editor.elementor-drop-cap-view-stacked .elementor-drop-cap{background-color:#69727d;color:#fff}.elementor-widget-text-editor.elementor-drop-cap-view-framed .elementor-drop-cap{color:#69727d;border:3px solid;background-color:transparent}.elementor-widget-text-editor:not(.elementor-drop-cap-view-default) .elementor-drop-cap{margin-top:8px}.elementor-widget-text-editor:not(.elementor-drop-cap-view-default) .elementor-drop-cap-letter{width:1em;height:1em}.elementor-widget-text-editor .elementor-drop-cap{float:left;text-align:center;line-height:1;font-size:50px}.elementor-widget-text-editor .elementor-drop-cap-letter{display:inline-block}<\/style>\t\t\t\t<p>Le <b>Certificat de Qualification Professionnel Animateur de Loisirs Sportif Option Jeux sportifs et Jeux d&rsquo;opposition<\/b> (CQP ALS option JSJO) est un dipl\u00f4me professionnel con\u00e7u pour former des animateurs capables d&rsquo;encadrer des activit\u00e9s physiques et sportives en toute s\u00e9curit\u00e9.<\/p><p>La formation CQP ALS Option Jeux sportifs et Jeux d&rsquo;opposition permet d&rsquo;acqu\u00e9rir les comp\u00e9tences pour concevoir et animer des cycles de s\u00e9ances adapt\u00e9s aux capacit\u00e9s des pratiquants, organiser la communication autour de leurs projets et progresser dans leur parcours professionnel. Il permet d&rsquo;obtenir un premier niveau de qualification professionnelle dans le secteur de l&rsquo;animation sportive et d&rsquo;exercer contre r\u00e9mun\u00e9ration la fonction d&rsquo;animateur de loisirs multisports.<\/p><p>L&rsquo;option JSJO comprend plusieurs familles d&rsquo;activit\u00e9s : les sports de raquette, les sports d&rsquo;opposition et de combat, les sports collectifs ainsi que les sports de ballons.<\/p>\t\t\t\t\t\t<\/div>\n\t\t\t\t<\/div>\n\t\t\t\t\t<\/div>\n\t\t<\/div>\n\t\t\t\t\t<\/div>\n\t\t<\/section>\n\t\t\t\t<section class=\"elementor-section elementor-top-section elementor-element elementor-element-81d5583 elementor-section-boxed elementor-section-height-default elementor-section-height-default\" data-id=\"81d5583\" data-element_type=\"section\">\n\t\t\t\t\t\t<div class=\"elementor-container elementor-column-gap-default\">\n\t\t\t\t\t<div class=\"elementor-column elementor-col-50 elementor-top-column elementor-element elementor-element-0e20da5\" data-id=\"0e20da5\" data-element_type=\"column\">\n\t\t\t<div class=\"elementor-widget-wrap elementor-element-populated\">\n\t\t\t\t\t\t<div class=\"elementor-element elementor-element-31bf138 elementor-widget elementor-widget-image\" data-id=\"31bf138\" data-element_type=\"widget\" data-widget_type=\"image.default\">\n\t\t\t\t<div class=\"elementor-widget-container\">\n\t\t\t<style>\/*! elementor - v3.21.0 - 26-05-2024 *\/\n.elementor-widget-image{text-align:center}.elementor-widget-image a{display:inline-block}.elementor-widget-image a img[src$=\".svg\"]{width:48px}.elementor-widget-image img{vertical-align:middle;display:inline-block}<\/style>\t\t\t\t\t\t\t\t\t\t<img fetchpriority=\"high\" decoding=\"async\" width=\"724\" height=\"1024\" src=\"https:\/\/www.professionsport38.fr\/wp-content\/uploads\/2025\/07\/Livret-CQP-724x1024.png\" class=\"attachment-large size-large wp-image-8438\" alt=\"\" srcset=\"https:\/\/www.professionsport38.fr\/wp-content\/uploads\/2025\/07\/Livret-CQP-724x1024.png 724w, https:\/\/www.professionsport38.fr\/wp-content\/uploads\/2025\/07\/Livret-CQP-212x300.png 212w, https:\/\/www.professionsport38.fr\/wp-content\/uploads\/2025\/07\/Livret-CQP-768x1086.png 768w, https:\/\/www.professionsport38.fr\/wp-content\/uploads\/2025\/07\/Livret-CQP-1086x1536.png 1086w, https:\/\/www.professionsport38.fr\/wp-content\/uploads\/2025\/07\/Livret-CQP-1024x1448.png 1024w, https:\/\/www.professionsport38.fr\/wp-content\/uploads\/2025\/07\/Livret-CQP-764x1080.png 764w, https:\/\/www.professionsport38.fr\/wp-content\/uploads\/2025\/07\/Livret-CQP.png 1414w\" sizes=\"(max-width: 724px) 100vw, 724px\" \/>\t\t\t\t\t\t\t\t\t\t\t\t\t<\/div>\n\t\t\t\t<\/div>\n\t\t\t\t\t<\/div>\n\t\t<\/div>\n\t\t\t\t<div class=\"elementor-column elementor-col-50 elementor-top-column elementor-element elementor-element-df2384a\" data-id=\"df2384a\" data-element_type=\"column\">\n\t\t\t<div class=\"elementor-widget-wrap elementor-element-populated\">\n\t\t\t\t\t\t<div class=\"elementor-element elementor-element-467883d elementor-widget elementor-widget-image\" data-id=\"467883d\" data-element_type=\"widget\" data-widget_type=\"image.default\">\n\t\t\t\t<div class=\"elementor-widget-container\">\n\t\t\t\t\t\t\t\t\t\t\t\t\t<img decoding=\"async\" width=\"724\" height=\"1024\" src=\"https:\/\/www.professionsport38.fr\/wp-content\/uploads\/2025\/05\/cqp-2-724x1024.png\" class=\"attachment-large size-large wp-image-7884\" alt=\"\" srcset=\"https:\/\/www.professionsport38.fr\/wp-content\/uploads\/2025\/05\/cqp-2-724x1024.png 724w, https:\/\/www.professionsport38.fr\/wp-content\/uploads\/2025\/05\/cqp-2-212x300.png 212w, https:\/\/www.professionsport38.fr\/wp-content\/uploads\/2025\/05\/cqp-2-768x1086.png 768w, https:\/\/www.professionsport38.fr\/wp-content\/uploads\/2025\/05\/cqp-2-1086x1536.png 1086w, https:\/\/www.professionsport38.fr\/wp-content\/uploads\/2025\/05\/cqp-2-1024x1448.png 1024w, https:\/\/www.professionsport38.fr\/wp-content\/uploads\/2025\/05\/cqp-2-764x1080.png 764w, https:\/\/www.professionsport38.fr\/wp-content\/uploads\/2025\/05\/cqp-2.png 1414w\" sizes=\"(max-width: 724px) 100vw, 724px\" \/>\t\t\t\t\t\t\t\t\t\t\t\t\t<\/div>\n\t\t\t\t<\/div>\n\t\t\t\t\t<\/div>\n\t\t<\/div>\n\t\t\t\t\t<\/div>\n\t\t<\/section>\n\t\t\t\t<section class=\"elementor-section elementor-top-section elementor-element elementor-element-d8101d9 elementor-section-boxed elementor-section-height-default elementor-section-height-default\" data-id=\"d8101d9\" data-element_type=\"section\">\n\t\t\t\t\t\t<div class=\"elementor-container elementor-column-gap-default\">\n\t\t\t\t\t<div class=\"elementor-column elementor-col-100 elementor-top-column elementor-element elementor-element-afa7d1e\" data-id=\"afa7d1e\" data-element_type=\"column\">\n\t\t\t<div class=\"elementor-widget-wrap elementor-element-populated\">\n\t\t\t\t\t\t<div class=\"elementor-element elementor-element-0e36067 elementor-widget elementor-widget-heading\" data-id=\"0e36067\" data-element_type=\"widget\" data-widget_type=\"heading.default\">\n\t\t\t\t<div class=\"elementor-widget-container\">\n\t\t\t<style>\/*! elementor - v3.21.0 - 26-05-2024 *\/\n.elementor-heading-title{padding:0;margin:0;line-height:1}.elementor-widget-heading .elementor-heading-title[class*=elementor-size-]>a{color:inherit;font-size:inherit;line-height:inherit}.elementor-widget-heading .elementor-heading-title.elementor-size-small{font-size:15px}.elementor-widget-heading .elementor-heading-title.elementor-size-medium{font-size:19px}.elementor-widget-heading .elementor-heading-title.elementor-size-large{font-size:29px}.elementor-widget-heading .elementor-heading-title.elementor-size-xl{font-size:39px}.elementor-widget-heading .elementor-heading-title.elementor-size-xxl{font-size:59px}<\/style><h3 class=\"elementor-heading-title elementor-size-default\">Calendrier :<\/h3>\t\t<\/div>\n\t\t\t\t<\/div>\n\t\t\t\t\t<\/div>\n\t\t<\/div>\n\t\t\t\t\t<\/div>\n\t\t<\/section>\n\t\t\t\t<section class=\"elementor-section elementor-top-section elementor-element elementor-element-912fe0a elementor-section-boxed elementor-section-height-default elementor-section-height-default\" data-id=\"912fe0a\" data-element_type=\"section\">\n\t\t\t\t\t\t<div class=\"elementor-container elementor-column-gap-default\">\n\t\t\t\t\t<div class=\"elementor-column elementor-col-100 elementor-top-column elementor-element elementor-element-ca41ff2\" data-id=\"ca41ff2\" data-element_type=\"column\">\n\t\t\t<div class=\"elementor-widget-wrap elementor-element-populated\">\n\t\t\t\t\t\t<div class=\"elementor-element elementor-element-b0f6656 elementor-widget elementor-widget-text-editor\" data-id=\"b0f6656\" data-element_type=\"widget\" data-widget_type=\"text-editor.default\">\n\t\t\t\t<div class=\"elementor-widget-container\">\n\t\t\t\t\t\t\t<p>Inscription de juin \u00e0 d\u00e9cembre. Test technique et de positionnement courant d\u00e9cembre. D\u00e9but des cours : janvier et fin des cours juillet de chaque ann\u00e9e.<\/p>\t\t\t\t\t\t<\/div>\n\t\t\t\t<\/div>\n\t\t\t\t\t<\/div>\n\t\t<\/div>\n\t\t\t\t\t<\/div>\n\t\t<\/section>\n\t\t\t\t<section class=\"elementor-section elementor-top-section elementor-element elementor-element-f7319fe elementor-section-boxed elementor-section-height-default elementor-section-height-default\" data-id=\"f7319fe\" data-element_type=\"section\">\n\t\t\t\t\t\t<div class=\"elementor-container elementor-column-gap-default\">\n\t\t\t\t\t<div class=\"elementor-column elementor-col-100 elementor-top-column elementor-element elementor-element-664f710\" data-id=\"664f710\" data-element_type=\"column\">\n\t\t\t<div class=\"elementor-widget-wrap elementor-element-populated\">\n\t\t\t\t\t\t<div class=\"elementor-element elementor-element-d3e46cd elementor-widget elementor-widget-heading\" data-id=\"d3e46cd\" data-element_type=\"widget\" data-widget_type=\"heading.default\">\n\t\t\t\t<div class=\"elementor-widget-container\">\n\t\t\t<h3 class=\"elementor-heading-title elementor-size-default\"><a href=\"https:\/\/www.professionsport38.fr\/wp-content\/uploads\/2025\/04\/PLAN-PSC38-HP.pdf\" target=\"_blank\">T\u00e9l\u00e9chargez ici le plan d'acc\u00e8s du foyer inter CE.<\/a><\/h3>\t\t<\/div>\n\t\t\t\t<\/div>\n\t\t\t\t\t<\/div>\n\t\t<\/div>\n\t\t\t\t\t<\/div>\n\t\t<\/section>\n\t\t\t\t<section class=\"elementor-section elementor-top-section elementor-element elementor-element-1272454 elementor-section-boxed elementor-section-height-default elementor-section-height-default\" data-id=\"1272454\" data-element_type=\"section\">\n\t\t\t\t\t\t<div class=\"elementor-container elementor-column-gap-default\">\n\t\t\t\t\t<div class=\"elementor-column elementor-col-100 elementor-top-column elementor-element elementor-element-8e4158a\" data-id=\"8e4158a\" data-element_type=\"column\">\n\t\t\t<div class=\"elementor-widget-wrap elementor-element-populated\">\n\t\t\t\t\t\t<div class=\"elementor-element elementor-element-a4225aa elementor-widget elementor-widget-heading\" data-id=\"a4225aa\" data-element_type=\"widget\" data-widget_type=\"heading.default\">\n\t\t\t\t<div class=\"elementor-widget-container\">\n\t\t\t<h3 class=\"elementor-heading-title elementor-size-default\">Inscription<\/h3>\t\t<\/div>\n\t\t\t\t<\/div>\n\t\t\t\t\t<\/div>\n\t\t<\/div>\n\t\t\t\t\t<\/div>\n\t\t<\/section>\n\t\t\t\t<section class=\"elementor-section elementor-top-section elementor-element elementor-element-def90ed elementor-section-boxed elementor-section-height-default elementor-section-height-default\" data-id=\"def90ed\" data-element_type=\"section\">\n\t\t\t\t\t\t<div class=\"elementor-container elementor-column-gap-default\">\n\t\t\t\t\t<div class=\"elementor-column elementor-col-100 elementor-top-column elementor-element elementor-element-cbf7ed5\" data-id=\"cbf7ed5\" data-element_type=\"column\">\n\t\t\t<div class=\"elementor-widget-wrap elementor-element-populated\">\n\t\t\t\t\t\t<div class=\"elementor-element elementor-element-8650d5c elementor-widget elementor-widget-text-editor\" data-id=\"8650d5c\" data-element_type=\"widget\" data-widget_type=\"text-editor.default\">\n\t\t\t\t<div class=\"elementor-widget-container\">\n\t\t\t\t\t\t\t<p>L&rsquo;inscription est possible \u00e0 la fin de chaque journ\u00e9e d&rsquo;informations ou vous pouvez envoyer directement le dossier d&rsquo;inscription rempli \u00e0 l&rsquo;adresse : <u>formation@professionsport38.com<\/u>. Une r\u00e9ponse vous sera donn\u00e9e dans un d\u00e9lai de deux semaines maximum apr\u00e8s l&rsquo;envoi du mail.<\/p><p style=\"margin-bottom: 16px;\">Pour plus d&rsquo;informations : 07.68.28.80.65<\/p><p style=\"margin-bottom: 16px;\">T\u00e9l\u00e9chargement : cliquer sur l\u2019ic\u00f4ne (noir et blanc, en haut \u00e0 droite de la fiche) pour l\u2019ouvrir dans une autre page. Puis cliquer sur \u00ab\u00a0ouvrir l\u2019original\u00a0\u00bb en haut \u00e0 droite.\u00a0<span style=\"color: var( --e-global-color-text ); font-family: var( --e-global-typography-text-font-family ), Sans-serif; font-weight: var( --e-global-typography-text-font-weight );\">Vous pouvez maintenant l\u2019enregistrer<\/span><span style=\"color: var( --e-global-color-text ); font-family: var( --e-global-typography-text-font-family ), Sans-serif; font-weight: var( --e-global-typography-text-font-weight );\">\u00a0sur votre PC,\u00a0<\/span><span style=\"color: var( --e-global-color-text ); font-family: var( --e-global-typography-text-font-family ), Sans-serif; font-weight: var( --e-global-typography-text-font-weight );\">remplir votre fiche\u00a0<\/span><span style=\"color: var( --e-global-color-text ); font-family: var( --e-global-typography-text-font-family ), Sans-serif; font-weight: var( --e-global-typography-text-font-weight );\">et nous la renvoyer par mail.<\/span><\/p>\t\t\t\t\t\t<\/div>\n\t\t\t\t<\/div>\n\t\t\t\t<div class=\"elementor-element elementor-element-35763ac elementor-icon-list--layout-traditional elementor-list-item-link-full_width elementor-widget elementor-widget-icon-list\" data-id=\"35763ac\" data-element_type=\"widget\" data-widget_type=\"icon-list.default\">\n\t\t\t\t<div class=\"elementor-widget-container\">\n\t\t\t<link rel=\"stylesheet\" href=\"https:\/\/www.professionsport38.fr\/wp-content\/plugins\/elementor\/assets\/css\/widget-icon-list.min.css\">\t\t<ul class=\"elementor-icon-list-items\">\n\t\t\t\t\t\t\t<li class=\"elementor-icon-list-item\">\n\t\t\t\t\t\t\t\t\t\t\t<span class=\"elementor-icon-list-icon\">\n\t\t\t\t\t\t\t<i aria-hidden=\"true\" class=\"fas fa-exclamation-triangle\"><\/i>\t\t\t\t\t\t<\/span>\n\t\t\t\t\t\t\t\t\t\t<span class=\"elementor-icon-list-text\">A partir du 21\/04\/2026<\/span>\n\t\t\t\t\t\t\t\t\t<\/li>\n\t\t\t\t\t\t\t\t<li class=\"elementor-icon-list-item\">\n\t\t\t\t\t\t\t\t\t\t\t<span class=\"elementor-icon-list-icon\">\n\t\t\t\t\t\t\t<i aria-hidden=\"true\" class=\"far fa-envelope\"><\/i>\t\t\t\t\t\t<\/span>\n\t\t\t\t\t\t\t\t\t\t<span class=\"elementor-icon-list-text\">formation38@profession-sport-loisirs.fr<\/span>\n\t\t\t\t\t\t\t\t\t<\/li>\n\t\t\t\t\t\t<\/ul>\n\t\t\t\t<\/div>\n\t\t\t\t<\/div>\n\t\t\t\t<div class=\"elementor-element elementor-element-cd27fb4 elementor-widget elementor-widget-pdfjs_viewer\" data-id=\"cd27fb4\" data-element_type=\"widget\" data-widget_type=\"pdfjs_viewer.default\">\n\t\t\t\t<div class=\"elementor-widget-container\">\n\t\t\t<iframe src=\"https:\/\/www.professionsport38.fr\/wp-content\/plugins\/pdf-viewer-for-elementor\/assets\/pdfjs\/web\/viewer.html?file=https:\/\/www.professionsport38.fr\/wp-content\/uploads\/2026\/01\/Dossier-dinscription-CQP-ALS.pdf&amp;embedded=true\" style=\"display: block; margin-left: auto; margin-right: auto; width: 640px; height: 860px;\" frameborder=\"1\" marginheight=\"0px\" marginwidth=\"0px\" allowfullscreen><\/iframe>\t\t<\/div>\n\t\t\t\t<\/div>\n\t\t\t\t\t<\/div>\n\t\t<\/div>\n\t\t\t\t\t<\/div>\n\t\t<\/section>\n\t\t\t\t<section class=\"elementor-section elementor-top-section elementor-element elementor-element-01ccee0 elementor-section-boxed elementor-section-height-default elementor-section-height-default\" data-id=\"01ccee0\" data-element_type=\"section\">\n\t\t\t\t\t\t<div class=\"elementor-container elementor-column-gap-default\">\n\t\t\t\t\t<div class=\"elementor-column elementor-col-100 elementor-top-column elementor-element elementor-element-139abf5\" data-id=\"139abf5\" data-element_type=\"column\">\n\t\t\t<div class=\"elementor-widget-wrap\">\n\t\t\t\t\t\t\t<\/div>\n\t\t<\/div>\n\t\t\t\t\t<\/div>\n\t\t<\/section>\n\t\t\t\t<\/div>\n\t\t","protected":false},"excerpt":{"rendered":"<p>Le Certificat de Qualification Professionnel Animateur de Loisirs Sportif Option Jeux sportifs et Jeux d&rsquo;opposition (CQP ALS option JSJO) est un dipl\u00f4me professionnel con\u00e7u pour former des animateurs capables d&rsquo;encadrer des activit\u00e9s physiques et sportives en toute s\u00e9curit\u00e9. La formation CQP ALS Option Jeux sportifs et Jeux d&rsquo;opposition permet d&rsquo;acqu\u00e9rir les comp\u00e9tences pour concevoir et&hellip; <br \/> <a class=\"read-more\" href=\"https:\/\/www.professionsport38.fr\/index.php\/cqp\/\">Lire la suite<\/a><\/p>\n","protected":false},"author":1,"featured_media":812,"parent":0,"menu_order":0,"comment_status":"closed","ping_status":"closed","template":"","meta":{"_eb_attr":"","footnotes":""},"_links":{"self":[{"href":"https:\/\/www.professionsport38.fr\/index.php\/wp-json\/wp\/v2\/pages\/232"}],"collection":[{"href":"https:\/\/www.professionsport38.fr\/index.php\/wp-json\/wp\/v2\/pages"}],"about":[{"href":"https:\/\/www.professionsport38.fr\/index.php\/wp-json\/wp\/v2\/types\/page"}],"author":[{"embeddable":true,"href":"https:\/\/www.professionsport38.fr\/index.php\/wp-json\/wp\/v2\/users\/1"}],"replies":[{"embeddable":true,"href":"https:\/\/www.professionsport38.fr\/index.php\/wp-json\/wp\/v2\/comments?post=232"}],"version-history":[{"count":202,"href":"https:\/\/www.professionsport38.fr\/index.php\/wp-json\/wp\/v2\/pages\/232\/revisions"}],"predecessor-version":[{"id":9481,"href":"https:\/\/www.professionsport38.fr\/index.php\/wp-json\/wp\/v2\/pages\/232\/revisions\/9481"}],"wp:featuredmedia":[{"embeddable":true,"href":"https:\/\/www.professionsport38.fr\/index.php\/wp-json\/wp\/v2\/media\/812"}],"wp:attachment":[{"href":"https:\/\/www.professionsport38.fr\/index.php\/wp-json\/wp\/v2\/media?parent=232"}],"curies":[{"name":"wp","href":"https:\/\/api.w.org\/{rel}","templated":true}]}}